{"id":680,"date":"2022-01-04T13:50:39","date_gmt":"2022-01-04T13:50:39","guid":{"rendered":"http:\/\/virver-viagens.com\/about-us\/"},"modified":"2022-02-25T11:24:47","modified_gmt":"2022-02-25T11:24:47","slug":"about-us","status":"publish","type":"page","link":"https:\/\/virver-viagens.com\/en\/about-us\/","title":{"rendered":"About Us"},"content":{"rendered":"\t\t<div data-elementor-type=\"wp-page\" data-elementor-id=\"680\" class=\"elementor elementor-680 elementor-154\" data-elementor-settings=\"[]\">\n\t\t\t\t\t\t<div class=\"elementor-inner\">\n\t\t\t\t\t\t\t<div class=\"elementor-section-wrap\">\n\t\t\t\t\t\t\t<section class=\"elementor-section elementor-top-section elementor-element elementor-element-38fb2c8 elementor-section-boxed elementor-section-height-default elementor-section-height-default\" data-id=\"38fb2c8\" data-element_type=\"section\">\n\t\t\t\t\t\t<div class=\"elementor-container elementor-column-gap-default\">\n\t\t\t\t\t\t\t<div class=\"elementor-row\">\n\t\t\t\t\t<div class=\"elementor-column elementor-col-100 elementor-top-column elementor-element elementor-element-0a8c255\" data-id=\"0a8c255\" data-element_type=\"column\">\n\t\t\t<div class=\"elementor-column-wrap elementor-element-populated\">\n\t\t\t\t\t\t\t<div class=\"elementor-widget-wrap\">\n\t\t\t\t\t\t<div class=\"elementor-element elementor-element-d686816 elementor-widget elementor-widget-shortcode\" data-id=\"d686816\" data-element_type=\"widget\" data-widget_type=\"shortcode.default\">\n\t\t\t\t<div class=\"elementor-widget-container\">\n\t\t\t\t\t<div class=\"elementor-shortcode\">\n\n\t<div class=\"elementor-row\">\n\t\t <div class=\"elementor-column elementor-col-10 elementor-top-column elementor-element elementor-element-2b00ecd\" data-id=\"2b00ecd\" data-element_type=\"column\">\n\t\t\t\t<div class=\"elementor-column-wrap elementor-element-populated\">\n\t\t\t\t\t <div class=\"elementor-widget-wrap\">\n\t\t\t\t\t\t\t<div class=\"elementor-element elementor-element-216f863 elementor-widget elementor-widget-shortcode\" data-id=\"216f863\" data-element_type=\"widget\" data-widget_type=\"shortcode.default\">\n\t\t\t\t\t\t\t\t <div class=\"elementor-widget-container\">\n\t\t\t\t\t\t\t\t\t\t<div class=\"elementor-shortcode\">\n\t\t\t\t\t\t\t\t\t\t\t <div class=\"elementor-icon-box-wrapper th-show-icon\">\n\t\t\t\t\t\t\t\t\t\t\t\t\t<div class=\"sobre_nos_icon elementor-icon-box-icon th-icon-size-md\" >\n\t\t\t\t\t\t\t\t\t\t\t\t\t\t <span class=\"elementor-icon \">\n\t\t\t\t\t\t\t\t\t\t\t\t\t\t <i class=\"fal fa-camera\" style=\"color:#ff6c00\"><\/i>\n\t\t\t\t\t\t\t\t\t\t\t\t\t\t <\/span>\n\t\t\t\t\t\t\t\t\t\t\t\t\t<\/div>\n\t\t\t\t\t\t\t\t\t\t\t <\/div>\n\t\t\t\t\t\t\t\t\t\t<\/div>\n\t\t\t\t\t\t\t\t <\/div>\n\t\t\t\t\t\t\t<\/div>\n\t\t\t\t\t <\/div>\n\t\t\t\t<\/div>\n\t\t <\/div>\n\t\t <div class=\"elementor-column elementor-col-90 elementor-top-column elementor-element elementor-element-d538e9e\" data-id=\"d538e9e\" data-element_type=\"column\">\n\t\t\t\t<div class=\"elementor-column-wrap elementor-element-populated\">\n\t\t\t\t\t <div class=\"elementor-widget-wrap\">\n\t\t\t\t\t\t\t<div class=\"elementor-element elementor-element-688511c elementor-widget elementor-widget-shortcode\" data-id=\"688511c\" data-element_type=\"widget\" data-widget_type=\"shortcode.default\">\n\t\t\t\t\t\t\t\t <div class=\"elementor-widget-container\">\n\t\t\t\t\t\t\t\t\t\t<div class=\"elementor-shortcode\">\n\t\t\t\t\t\t\t\t\t\t\t <div class=\"elementor-icon-box-wrapper th-show-icon\">\n\t\t\t\t\t\t\t\t\t\t\t\t\t<div class=\"elementor-icon-box-content\">\n\t\t\t\t\t\t\t\t\t\t\t\t\t\t <h5 class=\"elementor-icon-box-title\" style=\"font-weight: bold;\n\t\t\t\t\t\t\t\t\t\t\t\t\t\t color: #1c331c;\n\t\t\t\t\t\t\t\t\t\t\t\t\t\t font-size: 2rem;\n\t\t\t\t\t\t\t\t\t\t\t\t\t\t margin-top: 0;\">\n\t\t\t\t\t\t\t\t\t\t\t\t\t\t\t\t<span>Our History<\/span>\n\t\t\t\t\t\t\t\t\t\t\t\t\t\t <\/h5>\n\t\t\t\t\t\t\t\t\t\t\t\t\t\t <p class=\"elementor-icon-box-description\"><p>Company: Brasil &amp; Silva, Lda.<\/p>\n<p>Brand: Virver &#8211; Travel &amp; Discovery<\/p>\n<p>We are a new company located in S\u00e3o Jorge Island in the Azores with a series of activities related to tourism, namely travel agency, tourist animation, tours, transfers, taxi service, excursions, transportation, etc.<\/p>\n<p>We have developed a series of services that allow you to get to know the island, giving you breathtaking scenery and unforgettable moments in full contact with nature, visiting for example our faj\u00e3s recently classified as Unesco Biosphere Heritage.<\/p>\n<p>In collaboration with our partners we can also organize many other activities, such as guided and unguided walking trails, boat trips, spearfishing trips, fishing trips, visits to Faj\u00e3 da Caldeira de Santo Cristo, visits to the Cofee in Faj\u00e3 dos Vimes, stay in the Faj\u00e3s, radical activities like canyoning, coasteering, rappel, climbing, cascading, etc., transforming your stay into a true adventure full of emotion and contact with nature.<\/p>\n<p>We are also available to organize packs to your media, including transport and travel, stay, meals and activities.<\/p>\n<p><span class=\"Apple-converted-space\">\u00a0<\/span><\/p>\n<p>Main Services and Activities:<\/p>\n<p>&#8211; Touristic Circuits \/ Tours<\/p>\n<p>&#8211; Excursions<\/p>\n<p>&#8211; Transfers<\/p>\n<p>&#8211; Touristic Animation<\/p>\n<p>&#8211; Transportation<\/p>\n<p>&#8211; School Transportation<\/p>\n<p>&#8211; Taxi service<\/p>\n<p>&#8211; Other Services and Activities<\/p>\n<p>&#8211; Customized Packs<\/p>\n<p><span class=\"Apple-converted-space\">\u00a0<\/span><\/p>\n<p>Records:<\/p>\n<p>RNAVT 6606<\/p>\n<p>REG. No. 47 \/ 2016RAA<\/p>\n<p><span class=\"Apple-converted-space\">\u00a0<\/span><\/p>\n<p>Business \u00c1rea:<\/p>\n<p>S\u00e3o Jorge Island in the Azores<\/p>\n<p>With partners in the 9 islands of the Azores to schedule and carry out activities and services.<\/p>\n<\/p>\n\t\t\t\t\t\t\t\t\t\t\t\t\t<\/div>\n\t\t\t\t\t\t\t\t\t\t\t <\/div>\n\t\t\t\t\t\t\t\t\t\t<\/div>\n\t\t\t\t\t\t\t\t <\/div>\n\t\t\t\t\t\t\t<\/div>\n\t\t\t\t\t <\/div>\n\t\t\t\t<\/div>\n\t\t <\/div>\n\t<\/div><\/div>\n\t\t\t\t<\/div>\n\t\t\t\t<\/div>\n\t\t\t\t\t\t<\/div>\n\t\t\t\t\t<\/div>\n\t\t<\/div>\n\t\t\t\t\t\t\t\t<\/div>\n\t\t\t\t\t<\/div>\n\t\t<\/section>\n\t\t\t\t<section class=\"elementor-section elementor-top-section elementor-element elementor-element-9273e49 elementor-section-full_width elementor-section-height-default elementor-section-height-default\" data-id=\"9273e49\" data-element_type=\"section\">\n\t\t\t\t\t\t<div class=\"elementor-container elementor-column-gap-no\">\n\t\t\t\t\t\t\t<div class=\"elementor-row\">\n\t\t\t\t\t<div class=\"elementor-column elementor-col-100 elementor-top-column elementor-element elementor-element-edcc503\" data-id=\"edcc503\" data-element_type=\"column\">\n\t\t\t<div class=\"elementor-column-wrap elementor-element-populated\">\n\t\t\t\t\t\t\t<div class=\"elementor-widget-wrap\">\n\t\t\t\t\t\t<div class=\"elementor-element elementor-element-abe7a60 elementor-widget elementor-widget-shortcode\" data-id=\"abe7a60\" data-element_type=\"widget\" data-widget_type=\"shortcode.default\">\n\t\t\t\t<div class=\"elementor-widget-container\">\n\t\t\t\t\t<div class=\"elementor-shortcode\"><section class=\"elementor-section elementor-top-section elementor-element elementor-element-0ae88d9 elementor-section-full_width elementor-section-height-default elementor-section-height-default\" data-id=\"0ae88d9\" data-element_type=\"section\">\n\t\t <div class=\"elementor-container elementor-column-gap-no\">\n\t\t\t\t<div class=\"elementor-row galeria_sobre_nos\" style=\"display:block\">\n\t\t\t\t\t <div href=\"https:\/\/virver-viagens.com\/wp-content\/uploads\/2022\/02\/brasilesilva-87-scaled.jpg\" class=\"custom_image_sobrenos elementor-column elementor-col-33 elementor-top-column elementor-element elementor-element-f26a507\" data-id=\"f26a507\" data-element_type=\"column\" style=\"float:left; background-image: url(https:\/\/virver-viagens.com\/wp-content\/uploads\/2022\/02\/brasilesilva-87-scaled.jpg);\n\t\t\t\t\tbackground-position: center;\n\t\t\t\t\tbackground-repeat: no-repeat;\n\t\t\t\t\tbackground-size: cover;\">\n\t\t\t\t\t\t<div class=\"elementor-column-wrap elementor-element-populated\">\n\t\t\t\t\t\t\t<div class=\"elementor-widget-wrap\">\n\t\t\t\t\t\t\t\t\t<div class=\"elementor-element elementor-element-035bdc7 elementor-widget elementor-widget-image\" data-id=\"035bdc7\" data-element_type=\"widget\" data-widget_type=\"image.default\">\n\t\t\t\t\t\t\t\t\t\t<div class=\"elementor-widget-container\">\n\t\t\t\t\t\t\t\t\t\t\t\t\n\t\t\t\t\t\t\t\t\t\t<\/div>\n\t\t\t\t\t\t\t\t\t<\/div>\n\t\t\t\t\t\t\t<\/div>\n\t\t\t\t\t\t<\/div>\n\t\t\t\t<\/div><div href=\"https:\/\/virver-viagens.com\/wp-content\/uploads\/2022\/02\/brasilesilva-86-scaled.jpg\" class=\"custom_image_sobrenos elementor-column elementor-col-33 elementor-top-column elementor-element elementor-element-f26a507\" data-id=\"f26a507\" data-element_type=\"column\" style=\"float:left; background-image: url(https:\/\/virver-viagens.com\/wp-content\/uploads\/2022\/02\/brasilesilva-86-scaled.jpg);\n\t\t\t\t\tbackground-position: center;\n\t\t\t\t\tbackground-repeat: no-repeat;\n\t\t\t\t\tbackground-size: cover;\">\n\t\t\t\t\t\t<div class=\"elementor-column-wrap elementor-element-populated\">\n\t\t\t\t\t\t\t<div class=\"elementor-widget-wrap\">\n\t\t\t\t\t\t\t\t\t<div class=\"elementor-element elementor-element-035bdc7 elementor-widget elementor-widget-image\" data-id=\"035bdc7\" data-element_type=\"widget\" data-widget_type=\"image.default\">\n\t\t\t\t\t\t\t\t\t\t<div class=\"elementor-widget-container\">\n\t\t\t\t\t\t\t\t\t\t\t\t\n\t\t\t\t\t\t\t\t\t\t<\/div>\n\t\t\t\t\t\t\t\t\t<\/div>\n\t\t\t\t\t\t\t<\/div>\n\t\t\t\t\t\t<\/div>\n\t\t\t\t<\/div><div href=\"https:\/\/virver-viagens.com\/wp-content\/uploads\/2022\/02\/brasilesilva-68-scaled.jpg\" class=\"custom_image_sobrenos elementor-column elementor-col-33 elementor-top-column elementor-element elementor-element-f26a507\" data-id=\"f26a507\" data-element_type=\"column\" style=\"float:left; background-image: url(https:\/\/virver-viagens.com\/wp-content\/uploads\/2022\/02\/brasilesilva-68-scaled.jpg);\n\t\t\t\t\tbackground-position: center;\n\t\t\t\t\tbackground-repeat: no-repeat;\n\t\t\t\t\tbackground-size: cover;\">\n\t\t\t\t\t\t<div class=\"elementor-column-wrap elementor-element-populated\">\n\t\t\t\t\t\t\t<div class=\"elementor-widget-wrap\">\n\t\t\t\t\t\t\t\t\t<div class=\"elementor-element elementor-element-035bdc7 elementor-widget elementor-widget-image\" data-id=\"035bdc7\" data-element_type=\"widget\" data-widget_type=\"image.default\">\n\t\t\t\t\t\t\t\t\t\t<div class=\"elementor-widget-container\">\n\t\t\t\t\t\t\t\t\t\t\t\t\n\t\t\t\t\t\t\t\t\t\t<\/div>\n\t\t\t\t\t\t\t\t\t<\/div>\n\t\t\t\t\t\t\t<\/div>\n\t\t\t\t\t\t<\/div>\n\t\t\t\t<\/div><div href=\"https:\/\/virver-viagens.com\/wp-content\/uploads\/2022\/02\/brasilesilva-64-scaled.jpg\" class=\"custom_image_sobrenos elementor-column elementor-col-33 elementor-top-column elementor-element elementor-element-f26a507\" data-id=\"f26a507\" data-element_type=\"column\" style=\"float:left; background-image: url(https:\/\/virver-viagens.com\/wp-content\/uploads\/2022\/02\/brasilesilva-64-scaled.jpg);\n\t\t\t\t\tbackground-position: center;\n\t\t\t\t\tbackground-repeat: no-repeat;\n\t\t\t\t\tbackground-size: cover;\">\n\t\t\t\t\t\t<div class=\"elementor-column-wrap elementor-element-populated\">\n\t\t\t\t\t\t\t<div class=\"elementor-widget-wrap\">\n\t\t\t\t\t\t\t\t\t<div class=\"elementor-element elementor-element-035bdc7 elementor-widget elementor-widget-image\" data-id=\"035bdc7\" data-element_type=\"widget\" data-widget_type=\"image.default\">\n\t\t\t\t\t\t\t\t\t\t<div class=\"elementor-widget-container\">\n\t\t\t\t\t\t\t\t\t\t\t\t\n\t\t\t\t\t\t\t\t\t\t<\/div>\n\t\t\t\t\t\t\t\t\t<\/div>\n\t\t\t\t\t\t\t<\/div>\n\t\t\t\t\t\t<\/div>\n\t\t\t\t<\/div><div href=\"https:\/\/virver-viagens.com\/wp-content\/uploads\/2022\/02\/brasilesilva-29-scaled.jpg\" class=\"custom_image_sobrenos elementor-column elementor-col-33 elementor-top-column elementor-element elementor-element-f26a507\" data-id=\"f26a507\" data-element_type=\"column\" style=\"float:left; background-image: url(https:\/\/virver-viagens.com\/wp-content\/uploads\/2022\/02\/brasilesilva-29-scaled.jpg);\n\t\t\t\t\tbackground-position: center;\n\t\t\t\t\tbackground-repeat: no-repeat;\n\t\t\t\t\tbackground-size: cover;\">\n\t\t\t\t\t\t<div class=\"elementor-column-wrap elementor-element-populated\">\n\t\t\t\t\t\t\t<div class=\"elementor-widget-wrap\">\n\t\t\t\t\t\t\t\t\t<div class=\"elementor-element elementor-element-035bdc7 elementor-widget elementor-widget-image\" data-id=\"035bdc7\" data-element_type=\"widget\" data-widget_type=\"image.default\">\n\t\t\t\t\t\t\t\t\t\t<div class=\"elementor-widget-container\">\n\t\t\t\t\t\t\t\t\t\t\t\t\n\t\t\t\t\t\t\t\t\t\t<\/div>\n\t\t\t\t\t\t\t\t\t<\/div>\n\t\t\t\t\t\t\t<\/div>\n\t\t\t\t\t\t<\/div>\n\t\t\t\t<\/div><div href=\"https:\/\/virver-viagens.com\/wp-content\/uploads\/2022\/02\/brasilesilva-28-scaled.jpg\" class=\"custom_image_sobrenos elementor-column elementor-col-33 elementor-top-column elementor-element elementor-element-f26a507\" data-id=\"f26a507\" data-element_type=\"column\" style=\"float:left; background-image: url(https:\/\/virver-viagens.com\/wp-content\/uploads\/2022\/02\/brasilesilva-28-scaled.jpg);\n\t\t\t\t\tbackground-position: center;\n\t\t\t\t\tbackground-repeat: no-repeat;\n\t\t\t\t\tbackground-size: cover;\">\n\t\t\t\t\t\t<div class=\"elementor-column-wrap elementor-element-populated\">\n\t\t\t\t\t\t\t<div class=\"elementor-widget-wrap\">\n\t\t\t\t\t\t\t\t\t<div class=\"elementor-element elementor-element-035bdc7 elementor-widget elementor-widget-image\" data-id=\"035bdc7\" data-element_type=\"widget\" data-widget_type=\"image.default\">\n\t\t\t\t\t\t\t\t\t\t<div class=\"elementor-widget-container\">\n\t\t\t\t\t\t\t\t\t\t\t\t\n\t\t\t\t\t\t\t\t\t\t<\/div>\n\t\t\t\t\t\t\t\t\t<\/div>\n\t\t\t\t\t\t\t<\/div>\n\t\t\t\t\t\t<\/div>\n\t\t\t\t<\/div>\n\t\t\t\t<\/div>\n\t\t <\/div>\n\t<\/section><\/div>\n\t\t\t\t<\/div>\n\t\t\t\t<\/div>\n\t\t\t\t\t\t<\/div>\n\t\t\t\t\t<\/div>\n\t\t<\/div>\n\t\t\t\t\t\t\t\t<\/div>\n\t\t\t\t\t<\/div>\n\t\t<\/section>\n\t\t\t\t\t\t<\/div>\n\t\t\t\t\t\t<\/div>\n\t\t\t\t\t<\/div>\n\t\t","protected":false},"excerpt":{"rendered":"","protected":false},"author":1,"featured_media":0,"parent":0,"menu_order":0,"comment_status":"closed","ping_status":"closed","template":"","meta":[],"yoast_head":"<!-- This site is optimized with the Yoast SEO plugin v17.8 - https:\/\/yoast.com\/wordpress\/plugins\/seo\/ -->\n<title>About Us - Virver - Travel &amp; Discovery - S\u00e3o Jorge, Azores<\/title>\n<meta name=\"description\" content=\"Known for its beautiful Faj\u00e3s and the most beautiful land routes, Virver is one of the tourism companies in S\u00e3o Jorge.\" \/>\n<meta name=\"robots\" content=\"index, follow, max-snippet:-1, max-image-preview:large, max-video-preview:-1\" \/>\n<link rel=\"canonical\" href=\"https:\/\/virver-viagens.com\/en\/about-us\/\" \/>\n<meta property=\"og:locale\" content=\"en_US\" \/>\n<meta property=\"og:type\" content=\"article\" \/>\n<meta property=\"og:title\" content=\"About Us - Virver - Travel &amp; Discovery - S\u00e3o Jorge, Azores\" \/>\n<meta property=\"og:description\" content=\"Known for its beautiful Faj\u00e3s and the most beautiful land routes, Virver is one of the tourism companies in S\u00e3o Jorge.\" \/>\n<meta property=\"og:url\" content=\"https:\/\/virver-viagens.com\/en\/about-us\/\" \/>\n<meta property=\"og:site_name\" content=\"Virver\" \/>\n<meta property=\"article:modified_time\" content=\"2022-02-25T11:24:47+00:00\" \/>\n<meta name=\"twitter:card\" content=\"summary_large_image\" \/>\n<meta name=\"twitter:label1\" content=\"Est. reading time\" \/>\n\t<meta name=\"twitter:data1\" content=\"1 minute\" \/>\n<script type=\"application\/ld+json\" class=\"yoast-schema-graph\">{\"@context\":\"https:\/\/schema.org\",\"@graph\":[{\"@type\":\"WebSite\",\"@id\":\"https:\/\/virver-viagens.com\/#website\",\"url\":\"https:\/\/virver-viagens.com\/\",\"name\":\"Virver\",\"description\":\"\",\"potentialAction\":[{\"@type\":\"SearchAction\",\"target\":{\"@type\":\"EntryPoint\",\"urlTemplate\":\"https:\/\/virver-viagens.com\/?s={search_term_string}\"},\"query-input\":\"required name=search_term_string\"}],\"inLanguage\":\"en-US\"},{\"@type\":\"WebPage\",\"@id\":\"https:\/\/virver-viagens.com\/en\/about-us\/#webpage\",\"url\":\"https:\/\/virver-viagens.com\/en\/about-us\/\",\"name\":\"About Us - Virver - Travel & Discovery - S\\u00e3o Jorge, Azores\",\"isPartOf\":{\"@id\":\"https:\/\/virver-viagens.com\/#website\"},\"datePublished\":\"2022-01-04T13:50:39+00:00\",\"dateModified\":\"2022-02-25T11:24:47+00:00\",\"description\":\"Known for its beautiful Faj\\u00e3s and the most beautiful land routes, Virver is one of the tourism companies in S\\u00e3o Jorge.\",\"breadcrumb\":{\"@id\":\"https:\/\/virver-viagens.com\/en\/about-us\/#breadcrumb\"},\"inLanguage\":\"en-US\",\"potentialAction\":[{\"@type\":\"ReadAction\",\"target\":[\"https:\/\/virver-viagens.com\/en\/about-us\/\"]}]},{\"@type\":\"BreadcrumbList\",\"@id\":\"https:\/\/virver-viagens.com\/en\/about-us\/#breadcrumb\",\"itemListElement\":[{\"@type\":\"ListItem\",\"position\":1,\"name\":\"About Us\"}]}]}<\/script>\n<!-- \/ Yoast SEO plugin. -->","yoast_head_json":{"title":"About Us - Virver - Travel & Discovery - S\u00e3o Jorge, Azores","description":"Known for its beautiful Faj\u00e3s and the most beautiful land routes, Virver is one of the tourism companies in S\u00e3o Jorge.","robots":{"index":"index","follow":"follow","max-snippet":"max-snippet:-1","max-image-preview":"max-image-preview:large","max-video-preview":"max-video-preview:-1"},"canonical":"https:\/\/virver-viagens.com\/en\/about-us\/","og_locale":"en_US","og_type":"article","og_title":"About Us - Virver - Travel & Discovery - S\u00e3o Jorge, Azores","og_description":"Known for its beautiful Faj\u00e3s and the most beautiful land routes, Virver is one of the tourism companies in S\u00e3o Jorge.","og_url":"https:\/\/virver-viagens.com\/en\/about-us\/","og_site_name":"Virver","article_modified_time":"2022-02-25T11:24:47+00:00","twitter_card":"summary_large_image","twitter_misc":{"Est. reading time":"1 minute"},"schema":{"@context":"https:\/\/schema.org","@graph":[{"@type":"WebSite","@id":"https:\/\/virver-viagens.com\/#website","url":"https:\/\/virver-viagens.com\/","name":"Virver","description":"","potentialAction":[{"@type":"SearchAction","target":{"@type":"EntryPoint","urlTemplate":"https:\/\/virver-viagens.com\/?s={search_term_string}"},"query-input":"required name=search_term_string"}],"inLanguage":"en-US"},{"@type":"WebPage","@id":"https:\/\/virver-viagens.com\/en\/about-us\/#webpage","url":"https:\/\/virver-viagens.com\/en\/about-us\/","name":"About Us - Virver - Travel & Discovery - S\u00e3o Jorge, Azores","isPartOf":{"@id":"https:\/\/virver-viagens.com\/#website"},"datePublished":"2022-01-04T13:50:39+00:00","dateModified":"2022-02-25T11:24:47+00:00","description":"Known for its beautiful Faj\u00e3s and the most beautiful land routes, Virver is one of the tourism companies in S\u00e3o Jorge.","breadcrumb":{"@id":"https:\/\/virver-viagens.com\/en\/about-us\/#breadcrumb"},"inLanguage":"en-US","potentialAction":[{"@type":"ReadAction","target":["https:\/\/virver-viagens.com\/en\/about-us\/"]}]},{"@type":"BreadcrumbList","@id":"https:\/\/virver-viagens.com\/en\/about-us\/#breadcrumb","itemListElement":[{"@type":"ListItem","position":1,"name":"About Us"}]}]}},"_links":{"self":[{"href":"https:\/\/virver-viagens.com\/en\/wp-json\/wp\/v2\/pages\/680"}],"collection":[{"href":"https:\/\/virver-viagens.com\/en\/wp-json\/wp\/v2\/pages"}],"about":[{"href":"https:\/\/virver-viagens.com\/en\/wp-json\/wp\/v2\/types\/page"}],"author":[{"embeddable":true,"href":"https:\/\/virver-viagens.com\/en\/wp-json\/wp\/v2\/users\/1"}],"replies":[{"embeddable":true,"href":"https:\/\/virver-viagens.com\/en\/wp-json\/wp\/v2\/comments?post=680"}],"version-history":[{"count":5,"href":"https:\/\/virver-viagens.com\/en\/wp-json\/wp\/v2\/pages\/680\/revisions"}],"predecessor-version":[{"id":1396,"href":"https:\/\/virver-viagens.com\/en\/wp-json\/wp\/v2\/pages\/680\/revisions\/1396"}],"wp:attachment":[{"href":"https:\/\/virver-viagens.com\/en\/wp-json\/wp\/v2\/media?parent=680"}],"curies":[{"name":"wp","href":"https:\/\/api.w.org\/{rel}","templated":true}]}}