{"id":684,"date":"2022-01-04T16:04:03","date_gmt":"2022-01-04T16:04:03","guid":{"rendered":"http:\/\/virver-viagens.com\/terms-and-conditions\/"},"modified":"2022-02-25T12:19:42","modified_gmt":"2022-02-25T12:19:42","slug":"terms-and-conditions","status":"publish","type":"page","link":"https:\/\/virver-viagens.com\/en\/terms-and-conditions\/","title":{"rendered":"Terms and Conditions"},"content":{"rendered":"\n<p><strong><strong>GENERAL PURCHASE TERMS AND CONDITIONS<\/strong><\/strong><\/p>\n\n\n\n<p><strong>Preamble<\/strong><\/p>\n\n\n\n<ol><li>These General Purchase Terms and Conditions, hereinafter referred to as [CONDITIONS], are agreed between Brasil &amp; Silva Lda (Virver), headquartered at Cruz Nova, 22, Ilha de S\u00e3o Jorge Concelho: Calheta Freguesia: Calheta (9850 068 CALHETA), NIPC 514141077, with the share capital of 34.000\u20ac, and the people who, using the XPTO Lda website, wish to make purchases at the online store, henceforth called virver-viagens.com.<\/li><li>These conditions apply exclusively to persons who are not traders, hereinafter referred to by [USER], being understood as such any person who acts for purposes that do not belong to the scope of their professional, commercial, industrial or artisanal activity.<\/li><li>The USER must carefully read the general purchase terms and conditions, expressly tied to them, when clicking on the button \u201cI accept the general purchase terms and conditions\u201d, therefore, if the USER does not agree, the USER should not place the order or purchase.<\/li><li>The present general conditions will not apply if it turns out that the USER is not a consumer, as defined in paragraph c) of article 3 of Decree-Law no. 24\/2014, of 14 February.<\/li><li>Brasil &amp; Silva Lda (Virver)&nbsp; reserves the right to, without prior notice, add, modify or alter these general online purchase conditions, change the sales price, or modify or replace the available products, considering that the USER when placing a new order or purchase accepts and is expressly tied to the new general purchase terms and conditions and sales prices.<\/li><li><strong>DEFINITIONS<\/strong><ol><li>SELLER, hereinafter referred to as [SELLER], is a legal person or sole trader who has products for sale on the SITE.<\/li><li>USER is a person who acts for purposes that do not fall within the scope of his commercial, industrial, craft or professional activity and who uses the SITE to place orders for products or purchase products.<\/li><li>PRODUCT OR ORDER: item on the SITE for online purchase.<\/li><li>SPECIFIC PRODUCT: Article that appears on the website with the designation of a specific product<\/li><\/ol><\/li><\/ol>\n\n\n\n<p><strong>PRODUCTS AND PRICES<\/strong><\/p>\n\n\n\n<p>2. THE COMPANY offers, through the SITE, a wide range of products for purchase.<\/p>\n\n\n\n<p>3. The offer for each product is limited to the existing stock.<\/p>\n\n\n\n<p>4. All prices include VAT at the legal rate in force in <strong>the Autonomous Region of the Azores<\/strong>.<\/p>\n\n\n\n<p>5. Prices are always in euros.<\/p>\n\n\n\n<p>6. The images shown may not correspond exactly to the product shown. For technical reasons, the colors may also differ slightly from the actual colors.<\/p>\n\n\n\n<p>7. In very specific cases, the descriptions may have errors<strong>.<\/strong><\/p>\n\n\n\n<p>8. The SITE is updated with the utmost attention, however, it may happen that the information on the price may contain an error, so Brasil &amp; Silva Lda (Virver) does not commit itself to the offer, reserving the right to cancel the order in the event of such error occurs.&nbsp;<\/p>\n\n\n\n<p>9. Brasil &amp; Silva Lda (Virver)&nbsp; declines any responsibility for any other errors that occur on the SITE, or if the SITE is inaccessible.<\/p>\n\n\n\n<p><strong>PRODUCT ORDER&nbsp;<\/strong><\/p>\n\n\n\n<p>10. Orders on the SITE can be placed 24 hours a day, 7 days a week, except in cases of force majeure.<\/p>\n\n\n\n<p>11. While browsing the SITE, you can add to the shopping cart by clicking on the &#8220;buy&#8221; \/ &#8220;add&#8221; button.<\/p>\n\n\n\n<p>12. When you have finished selecting the products, you can select the option, at the top of the SITE, \u201cx products\u201d \/ \u201cCart\u201d, to make and complete the purchase.<\/p>\n\n\n\n<p>13. After filling out your personal data, you also need to confirm your intention to place the ORDER.<\/p>\n\n\n\n<p>14. After confirmation, the ORDER will be processed and cannot be canceled, except for the right of withdrawal under the terms of points 17 and 18.<\/p>\n\n\n\n<p>15. Payment must be made at the time of ORDER confirmation or after.<\/p>\n\n\n\n<p>16. Accepted payment methods are: ATM reference or MB Way;<\/p>\n\n\n\n<p><strong>Contract termination and returns<\/strong><\/p>\n\n\n\n<p>17. The USER has the right to cancel the purchase within a minimum period of 24 hours.&nbsp;<\/p>\n\n\n\n<p>18. The USER may freely terminate the contract carried out on the SITE, under the terms of article 10 of Decree-Law no. 24\/2014 of February 14.<\/p>\n\n\n\n<p><strong>19. Consumer disputes<\/strong><\/p>\n\n\n\n<p>The European Union has created a website to support consumers in submitting their complaints about any dispute in which they are involved. In this context, the Brasil &amp; Silva Lda (Virver) provides all the information so that the costumer can exercise its right of complaint with an official entity, third party impartial to the process. So, if you were unsatisfied with the purchase of a product or service purchase from our website, or with the solution we presented to resolve a situation, you can access this official website https:\/\/ec.europa.eu\/consumers\/odr and expose your dispute.<\/p>\n\n\n\n<p>20. All electronic messages sent during the access to the online store, including e-mails and messages via an internet browser, will be considered, for the purposes of the applicable law, as contractual declarations.<\/p>\n\n\n\n<p>21. Alternative dispute resolution is the possibility that all consumers have at their disposal to resort to official entities that help them in the resolution, or guidance of any conflict, before opening litigious processes in the courts. As a general rule, the procedure is as follows: the customer asks an impartial third party to act as an intermediary between you and the company, who is the target of your complaint. The intermediary can suggest a solution to your complaint, impose a solution on both parties, or bring the parties together to find a solution.<\/p>\n\n\n\n<p>You may know the concept of alternative dispute resolution by another name: \u2018mediation\u2019, \u2018conciliation\u2019, \u2018arbitration\u2019 or \u2018committee responsible for consumer disputes.<\/p>\n\n\n\n<p>Alternative dispute resolution is, as a rule, less expensive, less formal and faster than the judicial process.<\/p>\n\n\n\n<p>22. Suggestions for alternative dispute resolution entities:<\/p>\n\n\n\n<p>Cniacc \u2013 Centro Nacional de Informa\u00e7\u00e3o e Arbitragem de Conflitos de Consumo<\/p>\n\n\n\n<p><a href=\"https:\/\/www.cniacc.pt\/pt\/\">https:\/\/www.cniacc.pt\/pt\/<\/a><\/p>\n\n\n\n<p>Centro de Arbitragem de Conflitos de Consumo de Lisboa<\/p>\n\n\n\n<p>http:\/\/www.centroarbitragemlisboa.pt\/<\/p>\n\n\n\n<p>Centro de Arbitragem de Conflitos de Consumo do Vale do Ave\/Tribunal Arbitral<\/p>\n\n\n\n<p><div class=\"entry-content-asset\"><blockquote class=\"wp-embedded-content\" data-secret=\"1N8wqMMNEV\"><a href=\"https:\/\/www.triave.pt\/\">Home<\/a><\/blockquote><iframe class=\"wp-embedded-content\" sandbox=\"allow-scripts\" security=\"restricted\" style=\"position: absolute; clip: rect(1px, 1px, 1px, 1px);\" title=\"&#8220;Home&#8221; &#8212; TRIAVE\" src=\"https:\/\/www.triave.pt\/embed\/#?secret=lpOzhmmTiT#?secret=1N8wqMMNEV\" data-secret=\"1N8wqMMNEV\" width=\"600\" height=\"338\" frameborder=\"0\" marginwidth=\"0\" marginheight=\"0\" scrolling=\"no\"><\/iframe><\/div><\/p>\n\n\n\n<p>Ciab \u2013 Centro de Informa\u00e7\u00e3o, Media\u00e7\u00e3o e Arbitragem de Consumo (Tribunal Arbitral de Consumo)<\/p>\n\n\n\n<p>http:\/\/www.ciab.pt\/pt\/<\/p>\n\n\n\n<p>Cicap \u2013 Tribunal Arbitral de Consumo<\/p>\n\n\n\n<figure class=\"wp-block-embed is-type-wp-embed is-provider-cicap wp-block-embed-cicap\"><div class=\"wp-block-embed__wrapper\">\n<div class=\"entry-content-asset\"><blockquote class=\"wp-embedded-content\" data-secret=\"9js1rmQH4b\"><a href=\"https:\/\/www.cicap.pt\/\">Home &#8211; INFORMA-SE QUE ENQUANTO PERDURAR O ESTADO DE EMERG\u00caNCIA O ATENDIMENTO APENAS SER\u00c1 FEITO VIA TELEFONE, EMAIL OU ATRAV\u00c9S DO NOSSO FORMUL\u00c1RIO DE CONTACTO.<\/a><\/blockquote><iframe class=\"wp-embedded-content\" sandbox=\"allow-scripts\" security=\"restricted\" style=\"position: absolute; clip: rect(1px, 1px, 1px, 1px);\" title=\"&#8220;Home &#8211; INFORMA-SE QUE ENQUANTO PERDURAR O ESTADO DE EMERG\u00caNCIA O ATENDIMENTO APENAS SER\u00c1 FEITO VIA TELEFONE, EMAIL OU ATRAV\u00c9S DO NOSSO FORMUL\u00c1RIO DE CONTACTO.&#8221; &#8212; CICAP\" src=\"https:\/\/www.cicap.pt\/embed\/#?secret=yAWkXB0LV6#?secret=9js1rmQH4b\" data-secret=\"9js1rmQH4b\" width=\"600\" height=\"338\" frameborder=\"0\" marginwidth=\"0\" marginheight=\"0\" scrolling=\"no\"><\/iframe><\/div>\n<\/div><\/figure>\n\n\n\n<p><strong>Final dispositions<\/strong><\/p>\n\n\n\n<p>23. All electronic messages sent during access to the online store, including e-mails and messages through an internet browser, will be considered, for the purposes of the applicable law, as contractual declarations.<\/p>\n\n\n\n<p>24. THE Brasil &amp; Silva Lda (Virver) &nbsp; may send the customer information about new products, promotions or other information of interest to the customers of the online store, if the customer has signed up for the newsletter.<\/p>\n\n\n\n<p>25. For any comments, or questions, please contact our customer support line at 966780152 or email reservas.virver@gmail.com.<\/p>\n","protected":false},"excerpt":{"rendered":"<p>GENERAL PURCHASE TERMS AND CONDITIONS Preamble These General Purchase Terms and Conditions, hereinafter referred to as [CONDITIONS], are agreed between Brasil &amp; Silva Lda (Virver), headquartered at Cruz Nova, 22, Ilha de S\u00e3o Jorge Concelho: Calheta Freguesia: Calheta (9850 068 &hellip; <a href=\"https:\/\/virver-viagens.com\/en\/terms-and-conditions\/\">Read More<\/a><\/p>\n","protected":false},"author":1,"featured_media":0,"parent":0,"menu_order":0,"comment_status":"closed","ping_status":"closed","template":"","meta":[],"yoast_head":"<!-- This site is optimized with the Yoast SEO plugin v17.8 - https:\/\/yoast.com\/wordpress\/plugins\/seo\/ -->\n<title>Terms and Conditions - Virver<\/title>\n<meta name=\"description\" content=\"Consult the terms and conditions of use of our website. Be sure to carefully read all terms displayed on the page.\" \/>\n<meta name=\"robots\" content=\"index, follow, max-snippet:-1, max-image-preview:large, max-video-preview:-1\" \/>\n<link rel=\"canonical\" href=\"https:\/\/virver-viagens.com\/en\/terms-and-conditions\/\" \/>\n<meta property=\"og:locale\" content=\"en_US\" \/>\n<meta property=\"og:type\" content=\"article\" \/>\n<meta property=\"og:title\" content=\"Terms and Conditions - Virver\" \/>\n<meta property=\"og:description\" content=\"Consult the terms and conditions of use of our website. Be sure to carefully read all terms displayed on the page.\" \/>\n<meta property=\"og:url\" content=\"https:\/\/virver-viagens.com\/en\/terms-and-conditions\/\" \/>\n<meta property=\"og:site_name\" content=\"Virver\" \/>\n<meta property=\"article:modified_time\" content=\"2022-02-25T12:19:42+00:00\" \/>\n<meta name=\"twitter:card\" content=\"summary_large_image\" \/>\n<meta name=\"twitter:label1\" content=\"Est. reading time\" \/>\n\t<meta name=\"twitter:data1\" content=\"7 minutes\" \/>\n<script type=\"application\/ld+json\" class=\"yoast-schema-graph\">{\"@context\":\"https:\/\/schema.org\",\"@graph\":[{\"@type\":\"WebSite\",\"@id\":\"https:\/\/virver-viagens.com\/#website\",\"url\":\"https:\/\/virver-viagens.com\/\",\"name\":\"Virver\",\"description\":\"\",\"potentialAction\":[{\"@type\":\"SearchAction\",\"target\":{\"@type\":\"EntryPoint\",\"urlTemplate\":\"https:\/\/virver-viagens.com\/?s={search_term_string}\"},\"query-input\":\"required name=search_term_string\"}],\"inLanguage\":\"en-US\"},{\"@type\":\"WebPage\",\"@id\":\"https:\/\/virver-viagens.com\/en\/terms-and-conditions\/#webpage\",\"url\":\"https:\/\/virver-viagens.com\/en\/terms-and-conditions\/\",\"name\":\"Terms and Conditions - Virver\",\"isPartOf\":{\"@id\":\"https:\/\/virver-viagens.com\/#website\"},\"datePublished\":\"2022-01-04T16:04:03+00:00\",\"dateModified\":\"2022-02-25T12:19:42+00:00\",\"description\":\"Consult the terms and conditions of use of our website. Be sure to carefully read all terms displayed on the page.\",\"breadcrumb\":{\"@id\":\"https:\/\/virver-viagens.com\/en\/terms-and-conditions\/#breadcrumb\"},\"inLanguage\":\"en-US\",\"potentialAction\":[{\"@type\":\"ReadAction\",\"target\":[\"https:\/\/virver-viagens.com\/en\/terms-and-conditions\/\"]}]},{\"@type\":\"BreadcrumbList\",\"@id\":\"https:\/\/virver-viagens.com\/en\/terms-and-conditions\/#breadcrumb\",\"itemListElement\":[{\"@type\":\"ListItem\",\"position\":1,\"name\":\"Terms and Conditions\"}]}]}<\/script>\n<!-- \/ Yoast SEO plugin. -->","yoast_head_json":{"title":"Terms and Conditions - Virver","description":"Consult the terms and conditions of use of our website. Be sure to carefully read all terms displayed on the page.","robots":{"index":"index","follow":"follow","max-snippet":"max-snippet:-1","max-image-preview":"max-image-preview:large","max-video-preview":"max-video-preview:-1"},"canonical":"https:\/\/virver-viagens.com\/en\/terms-and-conditions\/","og_locale":"en_US","og_type":"article","og_title":"Terms and Conditions - Virver","og_description":"Consult the terms and conditions of use of our website. Be sure to carefully read all terms displayed on the page.","og_url":"https:\/\/virver-viagens.com\/en\/terms-and-conditions\/","og_site_name":"Virver","article_modified_time":"2022-02-25T12:19:42+00:00","twitter_card":"summary_large_image","twitter_misc":{"Est. reading time":"7 minutes"},"schema":{"@context":"https:\/\/schema.org","@graph":[{"@type":"WebSite","@id":"https:\/\/virver-viagens.com\/#website","url":"https:\/\/virver-viagens.com\/","name":"Virver","description":"","potentialAction":[{"@type":"SearchAction","target":{"@type":"EntryPoint","urlTemplate":"https:\/\/virver-viagens.com\/?s={search_term_string}"},"query-input":"required name=search_term_string"}],"inLanguage":"en-US"},{"@type":"WebPage","@id":"https:\/\/virver-viagens.com\/en\/terms-and-conditions\/#webpage","url":"https:\/\/virver-viagens.com\/en\/terms-and-conditions\/","name":"Terms and Conditions - Virver","isPartOf":{"@id":"https:\/\/virver-viagens.com\/#website"},"datePublished":"2022-01-04T16:04:03+00:00","dateModified":"2022-02-25T12:19:42+00:00","description":"Consult the terms and conditions of use of our website. Be sure to carefully read all terms displayed on the page.","breadcrumb":{"@id":"https:\/\/virver-viagens.com\/en\/terms-and-conditions\/#breadcrumb"},"inLanguage":"en-US","potentialAction":[{"@type":"ReadAction","target":["https:\/\/virver-viagens.com\/en\/terms-and-conditions\/"]}]},{"@type":"BreadcrumbList","@id":"https:\/\/virver-viagens.com\/en\/terms-and-conditions\/#breadcrumb","itemListElement":[{"@type":"ListItem","position":1,"name":"Terms and Conditions"}]}]}},"_links":{"self":[{"href":"https:\/\/virver-viagens.com\/en\/wp-json\/wp\/v2\/pages\/684"}],"collection":[{"href":"https:\/\/virver-viagens.com\/en\/wp-json\/wp\/v2\/pages"}],"about":[{"href":"https:\/\/virver-viagens.com\/en\/wp-json\/wp\/v2\/types\/page"}],"author":[{"embeddable":true,"href":"https:\/\/virver-viagens.com\/en\/wp-json\/wp\/v2\/users\/1"}],"replies":[{"embeddable":true,"href":"https:\/\/virver-viagens.com\/en\/wp-json\/wp\/v2\/comments?post=684"}],"version-history":[{"count":4,"href":"https:\/\/virver-viagens.com\/en\/wp-json\/wp\/v2\/pages\/684\/revisions"}],"predecessor-version":[{"id":1421,"href":"https:\/\/virver-viagens.com\/en\/wp-json\/wp\/v2\/pages\/684\/revisions\/1421"}],"wp:attachment":[{"href":"https:\/\/virver-viagens.com\/en\/wp-json\/wp\/v2\/media?parent=684"}],"curies":[{"name":"wp","href":"https:\/\/api.w.org\/{rel}","templated":true}]}}