{"id":690,"date":"2017-05-31T05:00:25","date_gmt":"2017-05-31T05:00:25","guid":{"rendered":"http:\/\/virver-viagens.com\/tourist-circuits\/"},"modified":"2022-03-08T13:25:17","modified_gmt":"2022-03-08T13:25:17","slug":"tourist-circuits","status":"publish","type":"page","link":"https:\/\/virver-viagens.com\/en\/tourist-circuits\/","title":{"rendered":"Tourist Circuits"},"content":{"rendered":"\t\t<div data-elementor-type=\"wp-post\" data-elementor-id=\"690\" class=\"elementor elementor-690 elementor-42\" data-elementor-settings=\"[]\">\n\t\t\t\t\t\t<div class=\"elementor-inner\">\n\t\t\t\t\t\t\t<div class=\"elementor-section-wrap\">\n\t\t\t\t\t\t\t<section class=\"elementor-section elementor-top-section elementor-element elementor-element-fe87dac elementor-section-boxed elementor-section-height-default elementor-section-height-default\" data-id=\"fe87dac\" data-element_type=\"section\">\n\t\t\t\t\t\t<div class=\"elementor-container elementor-column-gap-default\">\n\t\t\t\t\t\t\t<div class=\"elementor-row\">\n\t\t\t\t\t<div class=\"elementor-column elementor-col-100 elementor-top-column elementor-element elementor-element-30dbcc5\" data-id=\"30dbcc5\" data-element_type=\"column\">\n\t\t\t<div class=\"elementor-column-wrap elementor-element-populated\">\n\t\t\t\t\t\t\t<div class=\"elementor-widget-wrap\">\n\t\t\t\t\t\t<div class=\"elementor-element elementor-element-336394f elementor-widget elementor-widget-shortcode\" data-id=\"336394f\" data-element_type=\"widget\" data-widget_type=\"shortcode.default\">\n\t\t\t\t<div class=\"elementor-widget-container\">\n\t\t\t\t\t<div class=\"elementor-shortcode\"><div class=\"th-service-block-w\" style=\"text-align:center\">\n\t\t <div class=\"elementor-icon-box-wrapper th-show-icon\">\n\t\t\t\t<div class=\"elementor-icon-box-icon th-icon-size-md\">\n\t\t\t\t\t <span class=\"elementor-icon\">\n\t\t\t\t\t <i class=\"fal fa-tags\" style=\"color:#ff6c00\"><\/i>\n\t\t\t\t\t <\/span>\n\t\t\t\t<\/div>\n\t\t\t\t<div class=\"elementor-icon-box-content\">\n\t\t\t\t\t <h5 class=\"elementor-icon-box-title\" style=\"font-weight: bold;\n\t\t\t\t\t color: #1c331c;\n\t\t\t\t\t font-size: 2rem;\">\n\t\t\t\t\t\t\t<span>Tourist Circuits<\/span>\n\t\t\t\t\t <\/h5>\n\t\t\t\t\t <p class=\"elementor-icon-box-description\">Come and visit the Island of S\u00e3o Jorge by booking one of our pre-defined touristic circuits or customize the circuit to your needs by visiting the desired points of interest in the island.\r\n<\/p>\n\t\t\t\t<\/div>\n\t\t <\/div>\n\t<\/div><\/div>\n\t\t\t\t<\/div>\n\t\t\t\t<\/div>\n\t\t\t\t\t\t<\/div>\n\t\t\t\t\t<\/div>\n\t\t<\/div>\n\t\t\t\t\t\t\t\t<\/div>\n\t\t\t\t\t<\/div>\n\t\t<\/section>\n\t\t\t\t<section class=\"elementor-section elementor-top-section elementor-element elementor-element-c338441 elementor-section-boxed elementor-section-height-default elementor-section-height-default\" data-id=\"c338441\" data-element_type=\"section\">\n\t\t\t\t\t\t<div class=\"elementor-container elementor-column-gap-default\">\n\t\t\t\t\t\t\t<div class=\"elementor-row\">\n\t\t\t\t\t<div class=\"elementor-column elementor-col-100 elementor-top-column elementor-element elementor-element-0bd8d0c\" data-id=\"0bd8d0c\" data-element_type=\"column\">\n\t\t\t<div class=\"elementor-column-wrap elementor-element-populated\">\n\t\t\t\t\t\t\t<div class=\"elementor-widget-wrap\">\n\t\t\t\t\t\t<div class=\"elementor-element elementor-element-aa644c6 elementor-widget elementor-widget-shortcode\" data-id=\"aa644c6\" data-element_type=\"widget\" data-widget_type=\"shortcode.default\">\n\t\t\t\t<div class=\"elementor-widget-container\">\n\t\t\t\t\t<div class=\"elementor-shortcode\"><div class=\"elementor-element elementor-element-j81sio5 elementor-widget elementor-widget-themo-blog\" data-id=\"j81sio5\" data-element_type=\"widget\" data-widget_type=\"themo-blog.default\">\n\t\t <div class=\"elementor-widget-container\">\n\t\t\t\t<section class=\"th-masonry-blog th-blog-3-col\">\n\t\t\t\t\t <div class=\"mas-blog row\" style=\"position: relative; height: 656.45px;\">\n\t\t\t\t\t\t\t<div class=\"mas-blog-post-sizer col-sm-6 col-md-4\"><\/div>\n\t\t\t\t\t\t\t<div class=\"mas-blog-post col-sm-6 col-md-4 post-321 post type-post status-publish format-standard has-post-thumbnail hentry category-sem-categoria\" style=\"position: absolute; left: 0%; top: 0px;\">\n\t\t<a href=\"https:\/\/virver-viagens.com\/en\/circuito_turistico\/circuit-4\/\">\n\t\t<img src=\"https:\/\/virver-viagens.com\/wp-content\/uploads\/2022\/02\/brasilesilva-35-scaled.jpg\" class=\"img-responsive wp-post-image\" alt=\"\" loading=\"lazy\" 100vw, 394px\" width=\"394\" height=\"246\"><\/a>\n\t\t\t\t<div class=\"archive_circuito_single_post_inner post-inner\">\n\t\t\t\t\t<h3 class=\"post-title\" ><a style=\"color: #1c331c;\" href=\"https:\/\/virver-viagens.com\/en\/circuito_turistico\/circuit-4\/\">Circuit 4<\/a><\/h3>\n\t\t\t\t\t<div class=\"entry-content post-excerpt\">\n\t\t\t\t\t\t\t<p>Circuit 4 (S\u00e3o Jorge) aims to introduce the main Faj\u00e3 do Norte Viewpoints, namely Faj\u00e3 dos Cubres, winners of the 7 Wonders of Portugal Competition in the category of Villages&hellip;<\/p>\n\t\t\t\t\t<\/div>\n\t\t\t\t\t\n\t\t\t\t<\/div>\n\t\t<\/div><div class=\"mas-blog-post col-sm-6 col-md-4 post-321 post type-post status-publish format-standard has-post-thumbnail hentry category-sem-categoria\" style=\"position: absolute; left: 0%; top: 0px;\">\n\t\t<a href=\"https:\/\/virver-viagens.com\/en\/circuito_turistico\/circuit-3\/\">\n\t\t<img src=\"https:\/\/virver-viagens.com\/wp-content\/uploads\/2022\/02\/brasilesilva-98-scaled.jpg\" class=\"img-responsive wp-post-image\" alt=\"\" loading=\"lazy\" 100vw, 394px\" width=\"394\" height=\"246\"><\/a>\n\t\t\t\t<div class=\"archive_circuito_single_post_inner post-inner\">\n\t\t\t\t\t<h3 class=\"post-title\" ><a style=\"color: #1c331c;\" href=\"https:\/\/virver-viagens.com\/en\/circuito_turistico\/circuit-3\/\">Circuit 3<\/a><\/h3>\n\t\t\t\t\t<div class=\"entry-content post-excerpt\">\n\t\t\t\t\t\t\t<p>Circuit 3 (S\u00e3o Jorge) aims to introduce the island of S\u00e3o Jorge in the Azores in general, passing in the main points of interest and viewpoints. Place of beginning and&hellip;<\/p>\n\t\t\t\t\t<\/div>\n\t\t\t\t\t\n\t\t\t\t<\/div>\n\t\t<\/div><div class=\"mas-blog-post col-sm-6 col-md-4 post-321 post type-post status-publish format-standard has-post-thumbnail hentry category-sem-categoria\" style=\"position: absolute; left: 0%; top: 0px;\">\n\t\t<a href=\"https:\/\/virver-viagens.com\/en\/circuito_turistico\/circuit-2\/\">\n\t\t<img src=\"https:\/\/virver-viagens.com\/wp-content\/uploads\/2022\/02\/brasilesilva-99-scaled.jpg\" class=\"img-responsive wp-post-image\" alt=\"\" loading=\"lazy\" 100vw, 394px\" width=\"394\" height=\"246\"><\/a>\n\t\t\t\t<div class=\"archive_circuito_single_post_inner post-inner\">\n\t\t\t\t\t<h3 class=\"post-title\" ><a style=\"color: #1c331c;\" href=\"https:\/\/virver-viagens.com\/en\/circuito_turistico\/circuit-2\/\">Circuit 2<\/a><\/h3>\n\t\t\t\t\t<div class=\"entry-content post-excerpt\">\n\t\t\t\t\t\t\t<p>Circuit 2 (S\u00e3o Jorge) has the objective to show the main points of interest and viewpoints of the counties of Velas and Calheta of the Island of S\u00e3o Jorge Azores.&hellip;<\/p>\n\t\t\t\t\t<\/div>\n\t\t\t\t\t\n\t\t\t\t<\/div>\n\t\t<\/div><div class=\"mas-blog-post col-sm-6 col-md-4 post-321 post type-post status-publish format-standard has-post-thumbnail hentry category-sem-categoria\" style=\"position: absolute; left: 0%; top: 0px;\">\n\t\t<a href=\"https:\/\/virver-viagens.com\/en\/circuito_turistico\/circuit-1\/\">\n\t\t<img src=\"https:\/\/virver-viagens.com\/wp-content\/uploads\/2022\/02\/brasilesilva-74-scaled.jpg\" class=\"img-responsive wp-post-image\" alt=\"\" loading=\"lazy\" 100vw, 394px\" width=\"394\" height=\"246\"><\/a>\n\t\t\t\t<div class=\"archive_circuito_single_post_inner post-inner\">\n\t\t\t\t\t<h3 class=\"post-title\" ><a style=\"color: #1c331c;\" href=\"https:\/\/virver-viagens.com\/en\/circuito_turistico\/circuit-1\/\">Circuit 1<\/a><\/h3>\n\t\t\t\t\t<div class=\"entry-content post-excerpt\">\n\t\t\t\t\t\t\t<p>Circuit 1 (S\u00e3o Jorge) aims to introduce the island of S\u00e3o Jorge in the Azores in general, passing in the main points of interest and viewpoints. Place of beginning and&hellip;<\/p>\n\t\t\t\t\t<\/div>\n\t\t\t\t\t\n\t\t\t\t<\/div>\n\t\t<\/div>\n\t\t\t\t\t <\/div>\n\t\t\t\t<\/section>\n\t\t <\/div>\n\t<\/div><\/div>\n\t\t\t\t<\/div>\n\t\t\t\t<\/div>\n\t\t\t\t\t\t<\/div>\n\t\t\t\t\t<\/div>\n\t\t<\/div>\n\t\t\t\t\t\t\t\t<\/div>\n\t\t\t\t\t<\/div>\n\t\t<\/section>\n\t\t\t\t\t\t<\/div>\n\t\t\t\t\t\t<\/div>\n\t\t\t\t\t<\/div>\n\t\t","protected":false},"excerpt":{"rendered":"","protected":false},"author":1,"featured_media":0,"parent":0,"menu_order":11,"comment_status":"closed","ping_status":"closed","template":"","meta":[],"yoast_head":"<!-- This site is optimized with the Yoast SEO plugin v17.8 - https:\/\/yoast.com\/wordpress\/plugins\/seo\/ -->\n<title>Tourist Circuits - Virver - Travels and Discoveries - S\u00e3o Jorge, Azores<\/title>\n<meta name=\"description\" content=\"Discover the best tourist circuits in S\u00e3o Jorge with Virver. We want to show you every corner of this beautiful island.\" \/>\n<meta name=\"robots\" content=\"index, follow, max-snippet:-1, max-image-preview:large, max-video-preview:-1\" \/>\n<link rel=\"canonical\" href=\"https:\/\/virver-viagens.com\/en\/tourist-circuits\/\" \/>\n<meta property=\"og:locale\" content=\"en_US\" \/>\n<meta property=\"og:type\" content=\"article\" \/>\n<meta property=\"og:title\" content=\"Tourist Circuits - Virver - Travels and Discoveries - S\u00e3o Jorge, Azores\" \/>\n<meta property=\"og:description\" content=\"Discover the best tourist circuits in S\u00e3o Jorge with Virver. We want to show you every corner of this beautiful island.\" \/>\n<meta property=\"og:url\" content=\"https:\/\/virver-viagens.com\/en\/tourist-circuits\/\" \/>\n<meta property=\"og:site_name\" content=\"Virver\" \/>\n<meta property=\"article:modified_time\" content=\"2022-03-08T13:25:17+00:00\" \/>\n<meta name=\"twitter:card\" content=\"summary_large_image\" \/>\n<meta name=\"twitter:label1\" content=\"Est. reading time\" \/>\n\t<meta name=\"twitter:data1\" content=\"1 minute\" \/>\n<script type=\"application\/ld+json\" class=\"yoast-schema-graph\">{\"@context\":\"https:\/\/schema.org\",\"@graph\":[{\"@type\":\"WebSite\",\"@id\":\"https:\/\/virver-viagens.com\/#website\",\"url\":\"https:\/\/virver-viagens.com\/\",\"name\":\"Virver\",\"description\":\"\",\"potentialAction\":[{\"@type\":\"SearchAction\",\"target\":{\"@type\":\"EntryPoint\",\"urlTemplate\":\"https:\/\/virver-viagens.com\/?s={search_term_string}\"},\"query-input\":\"required name=search_term_string\"}],\"inLanguage\":\"en-US\"},{\"@type\":\"WebPage\",\"@id\":\"https:\/\/virver-viagens.com\/en\/tourist-circuits\/#webpage\",\"url\":\"https:\/\/virver-viagens.com\/en\/tourist-circuits\/\",\"name\":\"Tourist Circuits - Virver - Travels and Discoveries - S\\u00e3o Jorge, Azores\",\"isPartOf\":{\"@id\":\"https:\/\/virver-viagens.com\/#website\"},\"datePublished\":\"2017-05-31T05:00:25+00:00\",\"dateModified\":\"2022-03-08T13:25:17+00:00\",\"description\":\"Discover the best tourist circuits in S\\u00e3o Jorge with Virver. We want to show you every corner of this beautiful island.\",\"breadcrumb\":{\"@id\":\"https:\/\/virver-viagens.com\/en\/tourist-circuits\/#breadcrumb\"},\"inLanguage\":\"en-US\",\"potentialAction\":[{\"@type\":\"ReadAction\",\"target\":[\"https:\/\/virver-viagens.com\/en\/tourist-circuits\/\"]}]},{\"@type\":\"BreadcrumbList\",\"@id\":\"https:\/\/virver-viagens.com\/en\/tourist-circuits\/#breadcrumb\",\"itemListElement\":[{\"@type\":\"ListItem\",\"position\":1,\"name\":\"Tourist Circuits\"}]}]}<\/script>\n<!-- \/ Yoast SEO plugin. -->","yoast_head_json":{"title":"Tourist Circuits - Virver - Travels and Discoveries - S\u00e3o Jorge, Azores","description":"Discover the best tourist circuits in S\u00e3o Jorge with Virver. We want to show you every corner of this beautiful island.","robots":{"index":"index","follow":"follow","max-snippet":"max-snippet:-1","max-image-preview":"max-image-preview:large","max-video-preview":"max-video-preview:-1"},"canonical":"https:\/\/virver-viagens.com\/en\/tourist-circuits\/","og_locale":"en_US","og_type":"article","og_title":"Tourist Circuits - Virver - Travels and Discoveries - S\u00e3o Jorge, Azores","og_description":"Discover the best tourist circuits in S\u00e3o Jorge with Virver. We want to show you every corner of this beautiful island.","og_url":"https:\/\/virver-viagens.com\/en\/tourist-circuits\/","og_site_name":"Virver","article_modified_time":"2022-03-08T13:25:17+00:00","twitter_card":"summary_large_image","twitter_misc":{"Est. reading time":"1 minute"},"schema":{"@context":"https:\/\/schema.org","@graph":[{"@type":"WebSite","@id":"https:\/\/virver-viagens.com\/#website","url":"https:\/\/virver-viagens.com\/","name":"Virver","description":"","potentialAction":[{"@type":"SearchAction","target":{"@type":"EntryPoint","urlTemplate":"https:\/\/virver-viagens.com\/?s={search_term_string}"},"query-input":"required name=search_term_string"}],"inLanguage":"en-US"},{"@type":"WebPage","@id":"https:\/\/virver-viagens.com\/en\/tourist-circuits\/#webpage","url":"https:\/\/virver-viagens.com\/en\/tourist-circuits\/","name":"Tourist Circuits - Virver - Travels and Discoveries - S\u00e3o Jorge, Azores","isPartOf":{"@id":"https:\/\/virver-viagens.com\/#website"},"datePublished":"2017-05-31T05:00:25+00:00","dateModified":"2022-03-08T13:25:17+00:00","description":"Discover the best tourist circuits in S\u00e3o Jorge with Virver. We want to show you every corner of this beautiful island.","breadcrumb":{"@id":"https:\/\/virver-viagens.com\/en\/tourist-circuits\/#breadcrumb"},"inLanguage":"en-US","potentialAction":[{"@type":"ReadAction","target":["https:\/\/virver-viagens.com\/en\/tourist-circuits\/"]}]},{"@type":"BreadcrumbList","@id":"https:\/\/virver-viagens.com\/en\/tourist-circuits\/#breadcrumb","itemListElement":[{"@type":"ListItem","position":1,"name":"Tourist Circuits"}]}]}},"_links":{"self":[{"href":"https:\/\/virver-viagens.com\/en\/wp-json\/wp\/v2\/pages\/690"}],"collection":[{"href":"https:\/\/virver-viagens.com\/en\/wp-json\/wp\/v2\/pages"}],"about":[{"href":"https:\/\/virver-viagens.com\/en\/wp-json\/wp\/v2\/types\/page"}],"author":[{"embeddable":true,"href":"https:\/\/virver-viagens.com\/en\/wp-json\/wp\/v2\/users\/1"}],"replies":[{"embeddable":true,"href":"https:\/\/virver-viagens.com\/en\/wp-json\/wp\/v2\/comments?post=690"}],"version-history":[{"count":4,"href":"https:\/\/virver-viagens.com\/en\/wp-json\/wp\/v2\/pages\/690\/revisions"}],"predecessor-version":[{"id":1443,"href":"https:\/\/virver-viagens.com\/en\/wp-json\/wp\/v2\/pages\/690\/revisions\/1443"}],"wp:attachment":[{"href":"https:\/\/virver-viagens.com\/en\/wp-json\/wp\/v2\/media?parent=690"}],"curies":[{"name":"wp","href":"https:\/\/api.w.org\/{rel}","templated":true}]}}