{"id":937,"date":"2022-01-07T17:06:26","date_gmt":"2022-01-07T17:06:26","guid":{"rendered":"http:\/\/virver-viagens.com\/carro\/"},"modified":"2022-03-08T13:49:30","modified_gmt":"2022-03-08T13:49:30","slug":"carro","status":"publish","type":"page","link":"https:\/\/virver-viagens.com\/es\/carro\/","title":{"rendered":"Carro"},"content":{"rendered":"\n","protected":false},"excerpt":{"rendered":"","protected":false},"author":1,"featured_media":0,"parent":0,"menu_order":0,"comment_status":"closed","ping_status":"closed","template":"","meta":[],"yoast_head":"<!-- This site is optimized with the Yoast SEO plugin v17.8 - https:\/\/yoast.com\/wordpress\/plugins\/seo\/ -->\n<title>Carro - Virver - Viajes y Descubrimientos - S\u00e3o Jorge, Azores<\/title>\n<meta name=\"description\" content=\"\u00bfSabes cu\u00e1ndo vienes a S\u00e3o Jorge? Esta es la p\u00e1gina donde podr\u00e1s ver todas las rutas que tanto te gustan en tu carro.\" \/>\n<meta name=\"robots\" content=\"index, follow, max-snippet:-1, max-image-preview:large, max-video-preview:-1\" \/>\n<link rel=\"canonical\" href=\"https:\/\/virver-viagens.com\/es\/carro\/\" \/>\n<meta property=\"og:locale\" content=\"es_ES\" \/>\n<meta property=\"og:type\" content=\"article\" \/>\n<meta property=\"og:title\" content=\"Carro - Virver - Viajes y Descubrimientos - S\u00e3o Jorge, Azores\" \/>\n<meta property=\"og:description\" content=\"\u00bfSabes cu\u00e1ndo vienes a S\u00e3o Jorge? Esta es la p\u00e1gina donde podr\u00e1s ver todas las rutas que tanto te gustan en tu carro.\" \/>\n<meta property=\"og:url\" content=\"https:\/\/virver-viagens.com\/es\/carro\/\" \/>\n<meta property=\"og:site_name\" content=\"Virver\" \/>\n<meta property=\"article:modified_time\" content=\"2022-03-08T13:49:30+00:00\" \/>\n<meta name=\"twitter:card\" content=\"summary_large_image\" \/>\n<script type=\"application\/ld+json\" class=\"yoast-schema-graph\">{\"@context\":\"https:\/\/schema.org\",\"@graph\":[{\"@type\":\"WebSite\",\"@id\":\"https:\/\/virver-viagens.com\/#website\",\"url\":\"https:\/\/virver-viagens.com\/\",\"name\":\"Virver\",\"description\":\"\",\"potentialAction\":[{\"@type\":\"SearchAction\",\"target\":{\"@type\":\"EntryPoint\",\"urlTemplate\":\"https:\/\/virver-viagens.com\/?s={search_term_string}\"},\"query-input\":\"required name=search_term_string\"}],\"inLanguage\":\"es\"},{\"@type\":\"WebPage\",\"@id\":\"https:\/\/virver-viagens.com\/es\/carro\/#webpage\",\"url\":\"https:\/\/virver-viagens.com\/es\/carro\/\",\"name\":\"Carro - Virver - Viajes y Descubrimientos - S\\u00e3o Jorge, Azores\",\"isPartOf\":{\"@id\":\"https:\/\/virver-viagens.com\/#website\"},\"datePublished\":\"2022-01-07T17:06:26+00:00\",\"dateModified\":\"2022-03-08T13:49:30+00:00\",\"description\":\"\\u00bfSabes cu\\u00e1ndo vienes a S\\u00e3o Jorge? Esta es la p\\u00e1gina donde podr\\u00e1s ver todas las rutas que tanto te gustan en tu carro.\",\"breadcrumb\":{\"@id\":\"https:\/\/virver-viagens.com\/es\/carro\/#breadcrumb\"},\"inLanguage\":\"es\",\"potentialAction\":[{\"@type\":\"ReadAction\",\"target\":[\"https:\/\/virver-viagens.com\/es\/carro\/\"]}]},{\"@type\":\"BreadcrumbList\",\"@id\":\"https:\/\/virver-viagens.com\/es\/carro\/#breadcrumb\",\"itemListElement\":[{\"@type\":\"ListItem\",\"position\":1,\"name\":\"Carro\"}]}]}<\/script>\n<!-- \/ Yoast SEO plugin. -->","yoast_head_json":{"title":"Carro - Virver - Viajes y Descubrimientos - S\u00e3o Jorge, Azores","description":"\u00bfSabes cu\u00e1ndo vienes a S\u00e3o Jorge? Esta es la p\u00e1gina donde podr\u00e1s ver todas las rutas que tanto te gustan en tu carro.","robots":{"index":"index","follow":"follow","max-snippet":"max-snippet:-1","max-image-preview":"max-image-preview:large","max-video-preview":"max-video-preview:-1"},"canonical":"https:\/\/virver-viagens.com\/es\/carro\/","og_locale":"es_ES","og_type":"article","og_title":"Carro - Virver - Viajes y Descubrimientos - S\u00e3o Jorge, Azores","og_description":"\u00bfSabes cu\u00e1ndo vienes a S\u00e3o Jorge? Esta es la p\u00e1gina donde podr\u00e1s ver todas las rutas que tanto te gustan en tu carro.","og_url":"https:\/\/virver-viagens.com\/es\/carro\/","og_site_name":"Virver","article_modified_time":"2022-03-08T13:49:30+00:00","twitter_card":"summary_large_image","schema":{"@context":"https:\/\/schema.org","@graph":[{"@type":"WebSite","@id":"https:\/\/virver-viagens.com\/#website","url":"https:\/\/virver-viagens.com\/","name":"Virver","description":"","potentialAction":[{"@type":"SearchAction","target":{"@type":"EntryPoint","urlTemplate":"https:\/\/virver-viagens.com\/?s={search_term_string}"},"query-input":"required name=search_term_string"}],"inLanguage":"es"},{"@type":"WebPage","@id":"https:\/\/virver-viagens.com\/es\/carro\/#webpage","url":"https:\/\/virver-viagens.com\/es\/carro\/","name":"Carro - Virver - Viajes y Descubrimientos - S\u00e3o Jorge, Azores","isPartOf":{"@id":"https:\/\/virver-viagens.com\/#website"},"datePublished":"2022-01-07T17:06:26+00:00","dateModified":"2022-03-08T13:49:30+00:00","description":"\u00bfSabes cu\u00e1ndo vienes a S\u00e3o Jorge? Esta es la p\u00e1gina donde podr\u00e1s ver todas las rutas que tanto te gustan en tu carro.","breadcrumb":{"@id":"https:\/\/virver-viagens.com\/es\/carro\/#breadcrumb"},"inLanguage":"es","potentialAction":[{"@type":"ReadAction","target":["https:\/\/virver-viagens.com\/es\/carro\/"]}]},{"@type":"BreadcrumbList","@id":"https:\/\/virver-viagens.com\/es\/carro\/#breadcrumb","itemListElement":[{"@type":"ListItem","position":1,"name":"Carro"}]}]}},"_links":{"self":[{"href":"https:\/\/virver-viagens.com\/es\/wp-json\/wp\/v2\/pages\/937"}],"collection":[{"href":"https:\/\/virver-viagens.com\/es\/wp-json\/wp\/v2\/pages"}],"about":[{"href":"https:\/\/virver-viagens.com\/es\/wp-json\/wp\/v2\/types\/page"}],"author":[{"embeddable":true,"href":"https:\/\/virver-viagens.com\/es\/wp-json\/wp\/v2\/users\/1"}],"replies":[{"embeddable":true,"href":"https:\/\/virver-viagens.com\/es\/wp-json\/wp\/v2\/comments?post=937"}],"version-history":[{"count":1,"href":"https:\/\/virver-viagens.com\/es\/wp-json\/wp\/v2\/pages\/937\/revisions"}],"predecessor-version":[{"id":938,"href":"https:\/\/virver-viagens.com\/es\/wp-json\/wp\/v2\/pages\/937\/revisions\/938"}],"wp:attachment":[{"href":"https:\/\/virver-viagens.com\/es\/wp-json\/wp\/v2\/media?parent=937"}],"curies":[{"name":"wp","href":"https:\/\/api.w.org\/{rel}","templated":true}]}}