{"id":945,"date":"2022-01-04T13:50:39","date_gmt":"2022-01-04T13:50:39","guid":{"rendered":"http:\/\/virver-viagens.com\/quienes-somos\/"},"modified":"2022-02-25T11:27:02","modified_gmt":"2022-02-25T11:27:02","slug":"quienes-somos","status":"publish","type":"page","link":"https:\/\/virver-viagens.com\/es\/quienes-somos\/","title":{"rendered":"Qui\u00e9nes Somos"},"content":{"rendered":"\t\t<div data-elementor-type=\"wp-page\" data-elementor-id=\"945\" class=\"elementor elementor-945 elementor-154\" data-elementor-settings=\"[]\">\n\t\t\t\t\t\t<div class=\"elementor-inner\">\n\t\t\t\t\t\t\t<div class=\"elementor-section-wrap\">\n\t\t\t\t\t\t\t<section class=\"elementor-section elementor-top-section elementor-element elementor-element-38fb2c8 elementor-section-boxed elementor-section-height-default elementor-section-height-default\" data-id=\"38fb2c8\" data-element_type=\"section\">\n\t\t\t\t\t\t<div class=\"elementor-container elementor-column-gap-default\">\n\t\t\t\t\t\t\t<div class=\"elementor-row\">\n\t\t\t\t\t<div class=\"elementor-column elementor-col-100 elementor-top-column elementor-element elementor-element-0a8c255\" data-id=\"0a8c255\" data-element_type=\"column\">\n\t\t\t<div class=\"elementor-column-wrap elementor-element-populated\">\n\t\t\t\t\t\t\t<div class=\"elementor-widget-wrap\">\n\t\t\t\t\t\t<div class=\"elementor-element elementor-element-d686816 elementor-widget elementor-widget-shortcode\" data-id=\"d686816\" data-element_type=\"widget\" data-widget_type=\"shortcode.default\">\n\t\t\t\t<div class=\"elementor-widget-container\">\n\t\t\t\t\t<div class=\"elementor-shortcode\">\n\n\t<div class=\"elementor-row\">\n\t\t <div class=\"elementor-column elementor-col-10 elementor-top-column elementor-element elementor-element-2b00ecd\" data-id=\"2b00ecd\" data-element_type=\"column\">\n\t\t\t\t<div class=\"elementor-column-wrap elementor-element-populated\">\n\t\t\t\t\t <div class=\"elementor-widget-wrap\">\n\t\t\t\t\t\t\t<div class=\"elementor-element elementor-element-216f863 elementor-widget elementor-widget-shortcode\" data-id=\"216f863\" data-element_type=\"widget\" data-widget_type=\"shortcode.default\">\n\t\t\t\t\t\t\t\t <div class=\"elementor-widget-container\">\n\t\t\t\t\t\t\t\t\t\t<div class=\"elementor-shortcode\">\n\t\t\t\t\t\t\t\t\t\t\t <div class=\"elementor-icon-box-wrapper th-show-icon\">\n\t\t\t\t\t\t\t\t\t\t\t\t\t<div class=\"sobre_nos_icon elementor-icon-box-icon th-icon-size-md\" >\n\t\t\t\t\t\t\t\t\t\t\t\t\t\t <span class=\"elementor-icon \">\n\t\t\t\t\t\t\t\t\t\t\t\t\t\t <i class=\"fal fa-camera\" style=\"color:#ff6c00\"><\/i>\n\t\t\t\t\t\t\t\t\t\t\t\t\t\t <\/span>\n\t\t\t\t\t\t\t\t\t\t\t\t\t<\/div>\n\t\t\t\t\t\t\t\t\t\t\t <\/div>\n\t\t\t\t\t\t\t\t\t\t<\/div>\n\t\t\t\t\t\t\t\t <\/div>\n\t\t\t\t\t\t\t<\/div>\n\t\t\t\t\t <\/div>\n\t\t\t\t<\/div>\n\t\t <\/div>\n\t\t <div class=\"elementor-column elementor-col-90 elementor-top-column elementor-element elementor-element-d538e9e\" data-id=\"d538e9e\" data-element_type=\"column\">\n\t\t\t\t<div class=\"elementor-column-wrap elementor-element-populated\">\n\t\t\t\t\t <div class=\"elementor-widget-wrap\">\n\t\t\t\t\t\t\t<div class=\"elementor-element elementor-element-688511c elementor-widget elementor-widget-shortcode\" data-id=\"688511c\" data-element_type=\"widget\" data-widget_type=\"shortcode.default\">\n\t\t\t\t\t\t\t\t <div class=\"elementor-widget-container\">\n\t\t\t\t\t\t\t\t\t\t<div class=\"elementor-shortcode\">\n\t\t\t\t\t\t\t\t\t\t\t <div class=\"elementor-icon-box-wrapper th-show-icon\">\n\t\t\t\t\t\t\t\t\t\t\t\t\t<div class=\"elementor-icon-box-content\">\n\t\t\t\t\t\t\t\t\t\t\t\t\t\t <h5 class=\"elementor-icon-box-title\" style=\"font-weight: bold;\n\t\t\t\t\t\t\t\t\t\t\t\t\t\t color: #1c331c;\n\t\t\t\t\t\t\t\t\t\t\t\t\t\t font-size: 2rem;\n\t\t\t\t\t\t\t\t\t\t\t\t\t\t margin-top: 0;\">\n\t\t\t\t\t\t\t\t\t\t\t\t\t\t\t\t<span>Nuestra historia<\/span>\n\t\t\t\t\t\t\t\t\t\t\t\t\t\t <\/h5>\n\t\t\t\t\t\t\t\t\t\t\t\t\t\t <p class=\"elementor-icon-box-description\"><p>Empresa: Brasil &amp; Silva, Lda.<\/p>\n<p>Marca: Viver \u2013 Viagens &amp; Descobertas<\/p>\n<p>Somos una nueva empresa ubicada en la isla de S\u00e3o Jorge en los Azores con una serie de actividades relacionadas con el turismo, a saber, agencia de viajes, entretenimiento tur\u00edstico, circuitos tur\u00edsticos, traslados, servicio de taxi, excursiones, transporte, etc.<\/p>\n<p>Hemos desarrollado una serie de servicios que te permitir\u00e1n conocer la isla, brind\u00e1ndote impresionantes paisajes y momentos inolvidables en pleno contacto con la naturaleza, visitando por ejemplo nuestras Faj\u00e3s recientemente clasificadas como Patrimonio de la Biosfera por la UNESCO.<\/p>\n<p>En colaboraci\u00f3n con nuestros socios tambi\u00e9n podemos organizar muchas otras actividades, como rutas de senderismo con y sin gu\u00eda, paseos en barco, viajes de pesca submarina, viajes de pesca, visitas a la Faj\u00e3 da Caldeira de Santo Cristo, visitas a la Faj\u00e3 dos Vimes, estancia en las Faj\u00e3s, actividades extremas como <i>canyoning<\/i>, <i>coasteering<\/i>, r\u00e1pel, escalada, cascadeo, etc., transformando tu estancia en una verdadera aventura llena de emoci\u00f3n y contacto con la naturaleza.<\/p>\n<p>Tambi\u00e9n estamos disponibles para organizar paquetes para usted, que incluyen transporte y viaje, alojamiento, comida y actividades.<\/p>\n<p><b>Principales Servicios y Actividades:<\/b><\/p>\n<p>\u2013 Circuitos Tur\u00edsticos \/ Tours;<\/p>\n<p>\u2013 Excursiones;<\/p>\n<p>\u2013 Traslados;<\/p>\n<p>\u2013 Animaci\u00f3n Tur\u00edstica;<\/p>\n<p>&#8211; Transporte;<\/p>\n<p>\u2013 Transporte Escolar;<\/p>\n<p>&#8211; Servicio de taxi;<\/p>\n<p>\u2013 Otros Servicios y Actividades;<\/p>\n<p>\u2013 Paquetes personalizados;<\/p>\n<p>Registros:<\/p>\n<p>RNAVT 6606<\/p>\n<p>REG. No. 47\/2016RAA<\/p>\n<p>\u00c1rea de actuaci\u00f3n:<\/p>\n<p>Isla de S\u00e3o Jorge, Azores<\/p>\n<p>Con colaboradores en las 9 islas de los Azores, para programar y realizar actividades y servicios.<\/p>\n<\/p>\n\t\t\t\t\t\t\t\t\t\t\t\t\t<\/div>\n\t\t\t\t\t\t\t\t\t\t\t <\/div>\n\t\t\t\t\t\t\t\t\t\t<\/div>\n\t\t\t\t\t\t\t\t <\/div>\n\t\t\t\t\t\t\t<\/div>\n\t\t\t\t\t <\/div>\n\t\t\t\t<\/div>\n\t\t <\/div>\n\t<\/div><\/div>\n\t\t\t\t<\/div>\n\t\t\t\t<\/div>\n\t\t\t\t\t\t<\/div>\n\t\t\t\t\t<\/div>\n\t\t<\/div>\n\t\t\t\t\t\t\t\t<\/div>\n\t\t\t\t\t<\/div>\n\t\t<\/section>\n\t\t\t\t<section class=\"elementor-section elementor-top-section elementor-element elementor-element-9273e49 elementor-section-full_width elementor-section-height-default elementor-section-height-default\" data-id=\"9273e49\" data-element_type=\"section\">\n\t\t\t\t\t\t<div class=\"elementor-container elementor-column-gap-no\">\n\t\t\t\t\t\t\t<div class=\"elementor-row\">\n\t\t\t\t\t<div class=\"elementor-column elementor-col-100 elementor-top-column elementor-element elementor-element-edcc503\" data-id=\"edcc503\" data-element_type=\"column\">\n\t\t\t<div class=\"elementor-column-wrap elementor-element-populated\">\n\t\t\t\t\t\t\t<div class=\"elementor-widget-wrap\">\n\t\t\t\t\t\t<div class=\"elementor-element elementor-element-abe7a60 elementor-widget elementor-widget-shortcode\" data-id=\"abe7a60\" data-element_type=\"widget\" data-widget_type=\"shortcode.default\">\n\t\t\t\t<div class=\"elementor-widget-container\">\n\t\t\t\t\t<div class=\"elementor-shortcode\"><section class=\"elementor-section elementor-top-section elementor-element elementor-element-0ae88d9 elementor-section-full_width elementor-section-height-default elementor-section-height-default\" data-id=\"0ae88d9\" data-element_type=\"section\">\n\t\t <div class=\"elementor-container elementor-column-gap-no\">\n\t\t\t\t<div class=\"elementor-row galeria_sobre_nos\" style=\"display:block\">\n\t\t\t\t\t <div href=\"https:\/\/virver-viagens.com\/wp-content\/uploads\/2022\/02\/brasilesilva-87-scaled.jpg\" class=\"custom_image_sobrenos elementor-column elementor-col-33 elementor-top-column elementor-element elementor-element-f26a507\" data-id=\"f26a507\" data-element_type=\"column\" style=\"float:left; background-image: url(https:\/\/virver-viagens.com\/wp-content\/uploads\/2022\/02\/brasilesilva-87-scaled.jpg);\n\t\t\t\t\tbackground-position: center;\n\t\t\t\t\tbackground-repeat: no-repeat;\n\t\t\t\t\tbackground-size: cover;\">\n\t\t\t\t\t\t<div class=\"elementor-column-wrap elementor-element-populated\">\n\t\t\t\t\t\t\t<div class=\"elementor-widget-wrap\">\n\t\t\t\t\t\t\t\t\t<div class=\"elementor-element elementor-element-035bdc7 elementor-widget elementor-widget-image\" data-id=\"035bdc7\" data-element_type=\"widget\" data-widget_type=\"image.default\">\n\t\t\t\t\t\t\t\t\t\t<div class=\"elementor-widget-container\">\n\t\t\t\t\t\t\t\t\t\t\t\t\n\t\t\t\t\t\t\t\t\t\t<\/div>\n\t\t\t\t\t\t\t\t\t<\/div>\n\t\t\t\t\t\t\t<\/div>\n\t\t\t\t\t\t<\/div>\n\t\t\t\t<\/div><div href=\"https:\/\/virver-viagens.com\/wp-content\/uploads\/2022\/02\/brasilesilva-86-scaled.jpg\" class=\"custom_image_sobrenos elementor-column elementor-col-33 elementor-top-column elementor-element elementor-element-f26a507\" data-id=\"f26a507\" data-element_type=\"column\" style=\"float:left; background-image: url(https:\/\/virver-viagens.com\/wp-content\/uploads\/2022\/02\/brasilesilva-86-scaled.jpg);\n\t\t\t\t\tbackground-position: center;\n\t\t\t\t\tbackground-repeat: no-repeat;\n\t\t\t\t\tbackground-size: cover;\">\n\t\t\t\t\t\t<div class=\"elementor-column-wrap elementor-element-populated\">\n\t\t\t\t\t\t\t<div class=\"elementor-widget-wrap\">\n\t\t\t\t\t\t\t\t\t<div class=\"elementor-element elementor-element-035bdc7 elementor-widget elementor-widget-image\" data-id=\"035bdc7\" data-element_type=\"widget\" data-widget_type=\"image.default\">\n\t\t\t\t\t\t\t\t\t\t<div class=\"elementor-widget-container\">\n\t\t\t\t\t\t\t\t\t\t\t\t\n\t\t\t\t\t\t\t\t\t\t<\/div>\n\t\t\t\t\t\t\t\t\t<\/div>\n\t\t\t\t\t\t\t<\/div>\n\t\t\t\t\t\t<\/div>\n\t\t\t\t<\/div><div href=\"https:\/\/virver-viagens.com\/wp-content\/uploads\/2022\/02\/brasilesilva-68-scaled.jpg\" class=\"custom_image_sobrenos elementor-column elementor-col-33 elementor-top-column elementor-element elementor-element-f26a507\" data-id=\"f26a507\" data-element_type=\"column\" style=\"float:left; background-image: url(https:\/\/virver-viagens.com\/wp-content\/uploads\/2022\/02\/brasilesilva-68-scaled.jpg);\n\t\t\t\t\tbackground-position: center;\n\t\t\t\t\tbackground-repeat: no-repeat;\n\t\t\t\t\tbackground-size: cover;\">\n\t\t\t\t\t\t<div class=\"elementor-column-wrap elementor-element-populated\">\n\t\t\t\t\t\t\t<div class=\"elementor-widget-wrap\">\n\t\t\t\t\t\t\t\t\t<div class=\"elementor-element elementor-element-035bdc7 elementor-widget elementor-widget-image\" data-id=\"035bdc7\" data-element_type=\"widget\" data-widget_type=\"image.default\">\n\t\t\t\t\t\t\t\t\t\t<div class=\"elementor-widget-container\">\n\t\t\t\t\t\t\t\t\t\t\t\t\n\t\t\t\t\t\t\t\t\t\t<\/div>\n\t\t\t\t\t\t\t\t\t<\/div>\n\t\t\t\t\t\t\t<\/div>\n\t\t\t\t\t\t<\/div>\n\t\t\t\t<\/div><div href=\"https:\/\/virver-viagens.com\/wp-content\/uploads\/2022\/02\/brasilesilva-64-scaled.jpg\" class=\"custom_image_sobrenos elementor-column elementor-col-33 elementor-top-column elementor-element elementor-element-f26a507\" data-id=\"f26a507\" data-element_type=\"column\" style=\"float:left; background-image: url(https:\/\/virver-viagens.com\/wp-content\/uploads\/2022\/02\/brasilesilva-64-scaled.jpg);\n\t\t\t\t\tbackground-position: center;\n\t\t\t\t\tbackground-repeat: no-repeat;\n\t\t\t\t\tbackground-size: cover;\">\n\t\t\t\t\t\t<div class=\"elementor-column-wrap elementor-element-populated\">\n\t\t\t\t\t\t\t<div class=\"elementor-widget-wrap\">\n\t\t\t\t\t\t\t\t\t<div class=\"elementor-element elementor-element-035bdc7 elementor-widget elementor-widget-image\" data-id=\"035bdc7\" data-element_type=\"widget\" data-widget_type=\"image.default\">\n\t\t\t\t\t\t\t\t\t\t<div class=\"elementor-widget-container\">\n\t\t\t\t\t\t\t\t\t\t\t\t\n\t\t\t\t\t\t\t\t\t\t<\/div>\n\t\t\t\t\t\t\t\t\t<\/div>\n\t\t\t\t\t\t\t<\/div>\n\t\t\t\t\t\t<\/div>\n\t\t\t\t<\/div><div href=\"https:\/\/virver-viagens.com\/wp-content\/uploads\/2022\/02\/brasilesilva-29-scaled.jpg\" class=\"custom_image_sobrenos elementor-column elementor-col-33 elementor-top-column elementor-element elementor-element-f26a507\" data-id=\"f26a507\" data-element_type=\"column\" style=\"float:left; background-image: url(https:\/\/virver-viagens.com\/wp-content\/uploads\/2022\/02\/brasilesilva-29-scaled.jpg);\n\t\t\t\t\tbackground-position: center;\n\t\t\t\t\tbackground-repeat: no-repeat;\n\t\t\t\t\tbackground-size: cover;\">\n\t\t\t\t\t\t<div class=\"elementor-column-wrap elementor-element-populated\">\n\t\t\t\t\t\t\t<div class=\"elementor-widget-wrap\">\n\t\t\t\t\t\t\t\t\t<div class=\"elementor-element elementor-element-035bdc7 elementor-widget elementor-widget-image\" data-id=\"035bdc7\" data-element_type=\"widget\" data-widget_type=\"image.default\">\n\t\t\t\t\t\t\t\t\t\t<div class=\"elementor-widget-container\">\n\t\t\t\t\t\t\t\t\t\t\t\t\n\t\t\t\t\t\t\t\t\t\t<\/div>\n\t\t\t\t\t\t\t\t\t<\/div>\n\t\t\t\t\t\t\t<\/div>\n\t\t\t\t\t\t<\/div>\n\t\t\t\t<\/div><div href=\"https:\/\/virver-viagens.com\/wp-content\/uploads\/2022\/02\/brasilesilva-28-scaled.jpg\" class=\"custom_image_sobrenos elementor-column elementor-col-33 elementor-top-column elementor-element elementor-element-f26a507\" data-id=\"f26a507\" data-element_type=\"column\" style=\"float:left; background-image: url(https:\/\/virver-viagens.com\/wp-content\/uploads\/2022\/02\/brasilesilva-28-scaled.jpg);\n\t\t\t\t\tbackground-position: center;\n\t\t\t\t\tbackground-repeat: no-repeat;\n\t\t\t\t\tbackground-size: cover;\">\n\t\t\t\t\t\t<div class=\"elementor-column-wrap elementor-element-populated\">\n\t\t\t\t\t\t\t<div class=\"elementor-widget-wrap\">\n\t\t\t\t\t\t\t\t\t<div class=\"elementor-element elementor-element-035bdc7 elementor-widget elementor-widget-image\" data-id=\"035bdc7\" data-element_type=\"widget\" data-widget_type=\"image.default\">\n\t\t\t\t\t\t\t\t\t\t<div class=\"elementor-widget-container\">\n\t\t\t\t\t\t\t\t\t\t\t\t\n\t\t\t\t\t\t\t\t\t\t<\/div>\n\t\t\t\t\t\t\t\t\t<\/div>\n\t\t\t\t\t\t\t<\/div>\n\t\t\t\t\t\t<\/div>\n\t\t\t\t<\/div>\n\t\t\t\t<\/div>\n\t\t <\/div>\n\t<\/section><\/div>\n\t\t\t\t<\/div>\n\t\t\t\t<\/div>\n\t\t\t\t\t\t<\/div>\n\t\t\t\t\t<\/div>\n\t\t<\/div>\n\t\t\t\t\t\t\t\t<\/div>\n\t\t\t\t\t<\/div>\n\t\t<\/section>\n\t\t\t\t\t\t<\/div>\n\t\t\t\t\t\t<\/div>\n\t\t\t\t\t<\/div>\n\t\t","protected":false},"excerpt":{"rendered":"","protected":false},"author":1,"featured_media":0,"parent":0,"menu_order":0,"comment_status":"closed","ping_status":"closed","template":"","meta":[],"yoast_head":"<!-- This site is optimized with the Yoast SEO plugin v17.8 - https:\/\/yoast.com\/wordpress\/plugins\/seo\/ -->\n<title>Qui\u00e9nes Somos - Virver \u2013 Viagens &amp; Descobertas - S\u00e3o Jorge, Azores<\/title>\n<meta name=\"description\" content=\"Conocida por sus hermosas Faj\u00e3s y las m\u00e1s bellas rutas terrestres, Virver es una de las empresas de turismo en S\u00e3o Jorge, Azores.\" \/>\n<meta name=\"robots\" content=\"index, follow, max-snippet:-1, max-image-preview:large, max-video-preview:-1\" \/>\n<link rel=\"canonical\" href=\"https:\/\/virver-viagens.com\/es\/quienes-somos\/\" \/>\n<meta property=\"og:locale\" content=\"es_ES\" \/>\n<meta property=\"og:type\" content=\"article\" \/>\n<meta property=\"og:title\" content=\"Qui\u00e9nes Somos - Virver \u2013 Viagens &amp; Descobertas - S\u00e3o Jorge, Azores\" \/>\n<meta property=\"og:description\" content=\"Conocida por sus hermosas Faj\u00e3s y las m\u00e1s bellas rutas terrestres, Virver es una de las empresas de turismo en S\u00e3o Jorge, Azores.\" \/>\n<meta property=\"og:url\" content=\"https:\/\/virver-viagens.com\/es\/quienes-somos\/\" \/>\n<meta property=\"og:site_name\" content=\"Virver\" \/>\n<meta property=\"article:modified_time\" content=\"2022-02-25T11:27:02+00:00\" \/>\n<meta name=\"twitter:card\" content=\"summary_large_image\" \/>\n<script type=\"application\/ld+json\" class=\"yoast-schema-graph\">{\"@context\":\"https:\/\/schema.org\",\"@graph\":[{\"@type\":\"WebSite\",\"@id\":\"https:\/\/virver-viagens.com\/#website\",\"url\":\"https:\/\/virver-viagens.com\/\",\"name\":\"Virver\",\"description\":\"\",\"potentialAction\":[{\"@type\":\"SearchAction\",\"target\":{\"@type\":\"EntryPoint\",\"urlTemplate\":\"https:\/\/virver-viagens.com\/?s={search_term_string}\"},\"query-input\":\"required name=search_term_string\"}],\"inLanguage\":\"es\"},{\"@type\":\"WebPage\",\"@id\":\"https:\/\/virver-viagens.com\/es\/quienes-somos\/#webpage\",\"url\":\"https:\/\/virver-viagens.com\/es\/quienes-somos\/\",\"name\":\"Qui\\u00e9nes Somos - Virver \\u2013 Viagens & Descobertas - S\\u00e3o Jorge, Azores\",\"isPartOf\":{\"@id\":\"https:\/\/virver-viagens.com\/#website\"},\"datePublished\":\"2022-01-04T13:50:39+00:00\",\"dateModified\":\"2022-02-25T11:27:02+00:00\",\"description\":\"Conocida por sus hermosas Faj\\u00e3s y las m\\u00e1s bellas rutas terrestres, Virver es una de las empresas de turismo en S\\u00e3o Jorge, Azores.\",\"breadcrumb\":{\"@id\":\"https:\/\/virver-viagens.com\/es\/quienes-somos\/#breadcrumb\"},\"inLanguage\":\"es\",\"potentialAction\":[{\"@type\":\"ReadAction\",\"target\":[\"https:\/\/virver-viagens.com\/es\/quienes-somos\/\"]}]},{\"@type\":\"BreadcrumbList\",\"@id\":\"https:\/\/virver-viagens.com\/es\/quienes-somos\/#breadcrumb\",\"itemListElement\":[{\"@type\":\"ListItem\",\"position\":1,\"name\":\"Qui\\u00e9nes Somos\"}]}]}<\/script>\n<!-- \/ Yoast SEO plugin. -->","yoast_head_json":{"title":"Qui\u00e9nes Somos - Virver \u2013 Viagens & Descobertas - S\u00e3o Jorge, Azores","description":"Conocida por sus hermosas Faj\u00e3s y las m\u00e1s bellas rutas terrestres, Virver es una de las empresas de turismo en S\u00e3o Jorge, Azores.","robots":{"index":"index","follow":"follow","max-snippet":"max-snippet:-1","max-image-preview":"max-image-preview:large","max-video-preview":"max-video-preview:-1"},"canonical":"https:\/\/virver-viagens.com\/es\/quienes-somos\/","og_locale":"es_ES","og_type":"article","og_title":"Qui\u00e9nes Somos - Virver \u2013 Viagens & Descobertas - S\u00e3o Jorge, Azores","og_description":"Conocida por sus hermosas Faj\u00e3s y las m\u00e1s bellas rutas terrestres, Virver es una de las empresas de turismo en S\u00e3o Jorge, Azores.","og_url":"https:\/\/virver-viagens.com\/es\/quienes-somos\/","og_site_name":"Virver","article_modified_time":"2022-02-25T11:27:02+00:00","twitter_card":"summary_large_image","schema":{"@context":"https:\/\/schema.org","@graph":[{"@type":"WebSite","@id":"https:\/\/virver-viagens.com\/#website","url":"https:\/\/virver-viagens.com\/","name":"Virver","description":"","potentialAction":[{"@type":"SearchAction","target":{"@type":"EntryPoint","urlTemplate":"https:\/\/virver-viagens.com\/?s={search_term_string}"},"query-input":"required name=search_term_string"}],"inLanguage":"es"},{"@type":"WebPage","@id":"https:\/\/virver-viagens.com\/es\/quienes-somos\/#webpage","url":"https:\/\/virver-viagens.com\/es\/quienes-somos\/","name":"Qui\u00e9nes Somos - Virver \u2013 Viagens & Descobertas - S\u00e3o Jorge, Azores","isPartOf":{"@id":"https:\/\/virver-viagens.com\/#website"},"datePublished":"2022-01-04T13:50:39+00:00","dateModified":"2022-02-25T11:27:02+00:00","description":"Conocida por sus hermosas Faj\u00e3s y las m\u00e1s bellas rutas terrestres, Virver es una de las empresas de turismo en S\u00e3o Jorge, Azores.","breadcrumb":{"@id":"https:\/\/virver-viagens.com\/es\/quienes-somos\/#breadcrumb"},"inLanguage":"es","potentialAction":[{"@type":"ReadAction","target":["https:\/\/virver-viagens.com\/es\/quienes-somos\/"]}]},{"@type":"BreadcrumbList","@id":"https:\/\/virver-viagens.com\/es\/quienes-somos\/#breadcrumb","itemListElement":[{"@type":"ListItem","position":1,"name":"Qui\u00e9nes Somos"}]}]}},"_links":{"self":[{"href":"https:\/\/virver-viagens.com\/es\/wp-json\/wp\/v2\/pages\/945"}],"collection":[{"href":"https:\/\/virver-viagens.com\/es\/wp-json\/wp\/v2\/pages"}],"about":[{"href":"https:\/\/virver-viagens.com\/es\/wp-json\/wp\/v2\/types\/page"}],"author":[{"embeddable":true,"href":"https:\/\/virver-viagens.com\/es\/wp-json\/wp\/v2\/users\/1"}],"replies":[{"embeddable":true,"href":"https:\/\/virver-viagens.com\/es\/wp-json\/wp\/v2\/comments?post=945"}],"version-history":[{"count":2,"href":"https:\/\/virver-viagens.com\/es\/wp-json\/wp\/v2\/pages\/945\/revisions"}],"predecessor-version":[{"id":1397,"href":"https:\/\/virver-viagens.com\/es\/wp-json\/wp\/v2\/pages\/945\/revisions\/1397"}],"wp:attachment":[{"href":"https:\/\/virver-viagens.com\/es\/wp-json\/wp\/v2\/media?parent=945"}],"curies":[{"name":"wp","href":"https:\/\/api.w.org\/{rel}","templated":true}]}}