{"id":949,"date":"2022-01-04T16:04:03","date_gmt":"2022-01-04T16:04:03","guid":{"rendered":"http:\/\/virver-viagens.com\/terminos-y-condiciones\/"},"modified":"2022-03-01T13:09:16","modified_gmt":"2022-03-01T13:09:16","slug":"terminos-y-condiciones","status":"publish","type":"page","link":"https:\/\/virver-viagens.com\/es\/terminos-y-condiciones\/","title":{"rendered":"T\u00e9rminos y Condiciones"},"content":{"rendered":"\n<p><strong>PRE\u00c1MBULO:<\/strong><\/p>\n\n\n\n<ol><li>Estos T\u00e9rminos y Condiciones Generales de Venta en L\u00ednea, en lo sucesivo denominados [CONDICIONES], son acordados entre Brasil &amp; Silva Lda (Virver) con sede en Rua Cruz Nova, 22, Ilha de S\u00e3o Jorge Municipio: Calheta Parroquia: Calheta (9850 068 CALHETA ), NIPC 514141077, con un capital social de 34.000 \u20ac y personas que, a trav\u00e9s del sitio web de Brasil &amp; Silva Lda (Virver), deseen y realicen compras en la tienda online que en adelante se denominar\u00e1 virver-viagens.com.<\/li><li>Las presentes condiciones se aplican exclusivamente a las personas f\u00edsicas no comerciantes, en lo sucesivo denominadas [USUARIO], entendiendo por tal a toda persona f\u00edsica que act\u00fae con fines ajenos al \u00e1mbito de su actividad profesional, comercial, industrial o artesanal.<\/li><li>El USUARIO debe leer atentamente las condiciones generales de venta, vincul\u00e1ndose expresamente a las mismas, haciendo clic en el bot\u00f3n \u201cAcepto las condiciones generales de venta\u201d, por lo que, si no est\u00e1 de acuerdo, no debe realizar el pedido, o compra.<\/li><li>Las presentes condiciones generales no ser\u00e1n de aplicaci\u00f3n si el USUARIO no es un consumidor final, tal y como se define en el apartado c) del art\u00edculo 3 del Decreto-ley 24\/2014, de 14 de febrero.<\/li><li>Brasil &amp; Silva Lda (Virver) se reserva el derecho de, sin previo aviso, adicionar, modificar o cambiar estas condiciones generales de venta en l\u00ednea, cambiar el precio de venta, o modificar o reemplazar los productos disponibles, considerando que el USUARIO, al colocar un nuevo pedido o compra, acepta y se vincula expresamente a las nuevas condiciones generales y precios de venta.<\/li><\/ol>\n\n\n\n<ol><li><strong>Definiciones&nbsp;<\/strong><ol><li>VENDEDOR en lo sucesivo denominado [VENDEDOR] es una persona jur\u00eddica o empresario individual que tiene productos a la venta en el SITIO.<\/li><li>USUARIO es una persona f\u00edsica que act\u00faa con fines ajenos a su actividad comercial, industrial, artesanal o profesional y que, utilizando el SITIO, realiza pedidos de productos o compras de productos.<\/li><li>PRODUCTO O PEDIDO: art\u00edculo en el SITIO para la venta en l\u00ednea.<\/li><li>PRODUCTO ESPEC\u00cdFICO: Art\u00edculo en el sitio web con la designaci\u00f3n de un producto espec\u00edfico<\/li><\/ol><\/li><\/ol>\n\n\n\n<ol start=\"2\"><li><strong>Productos y Precios&nbsp;<\/strong><ol><li>La EMPRESA ofrece, a trav\u00e9s del SITIO, una amplia gama de productos para la venta.<\/li><li>La oferta de cada uno de los productos est\u00e1 limitada al stock existente.<\/li><li>Todos los precios incluyen el IVA al tipo legal vigente en la Regi\u00f3n Aut\u00f3noma de los Azores.<\/li><li>Los precios se muestran siempre en euros.<\/li><li>Las im\u00e1genes que se muestran pueden no coincidir exactamente con el producto que se muestra. Por razones t\u00e9cnicas, los colores mostrados tambi\u00e9n pueden diferir ligeramente de los colores reales.<\/li><li>En casos muy espec\u00edficos, las descripciones pueden tener errores.<\/li><li>El SITIO se actualiza con la m\u00e1xima atenci\u00f3n, sin embargo, puede ocurrir que la informaci\u00f3n relativa al precio pueda contener un error, por lo que Brasil &amp; Silva Lda (Virver) no se compromete con la oferta, reserv\u00e1ndose el derecho de cancelar el pedido. caso de que ocurra tal error.<\/li><li>Brasil &amp; Silva Lda (Virver) declina cualquier responsabilidad por cualquier otro error que pueda ocurrir en el SITIO, o si el SITIO es inaccesible.<\/li><\/ol><\/li><\/ol>\n\n\n\n<ol start=\"3\"><li><strong>Producto o Pedido Pedido&nbsp;<\/strong><ol><li>Los pedidos en el SITIO se pueden realizar las 24 horas del d\u00eda, los 7 d\u00edas de la semana, excepto en casos de falla por fuerza mayor.<\/li><li>Mientras navega por el SITIO, puede agregar al carrito de compras haciendo clic en el bot\u00f3n \u00abcomprar\u00bb\/\u00bbagregar\u00bb.<\/li><li>Cuando termine de seleccionar los productos, podr\u00e1 seleccionar la opci\u00f3n, en la parte superior del SITIO, \u201cx productos\u201d \/ \u201cCarrito\u201d, para realizar y completar la compra.<\/li><li>Despu\u00e9s de ingresar sus datos personales, confirme tambi\u00e9n su intenci\u00f3n de realizar el PEDIDO.<\/li><li>Una vez confirmado, el PEDIDO ser\u00e1 tramitado y no podr\u00e1 ser cancelado, salvo el derecho de desistimiento en los t\u00e9rminos de los puntos 17 y 18.15 El pago podr\u00e1 efectuarse en el momento de la confirmaci\u00f3n del PEDIDO o a posteriori.<\/li><li>Los m\u00e9todos de pago aceptados son: Referencia ATM o MB Way.<\/li><\/ol><\/li><\/ol>\n\n\n\n<ol start=\"4\"><li><strong>Rescisi\u00f3n del contrato y devoluci\u00f3n.<\/strong><ol><li><strong>17. El USUARIO tiene derecho a desistir de la compra en un plazo m\u00ednimo de 24 horas.<\/strong><\/li><li><strong>18. El USUARIO podr\u00e1 rescindir libremente el contrato celebrado y ejecutado en el SITIO, de conformidad con el art\u00edculo 10 del Decreto-ley n\u00ba 24\/2014, de 14 de febrero.<\/strong><\/li><\/ol><\/li><\/ol>\n\n\n\n<ol start=\"5\"><li><strong>Conflictos de consumo<\/strong><ol><li>La Uni\u00f3n Europea ha creado un sitio web para ayudar a los consumidores a presentar sus quejas sobre cualquier disputa en la que est\u00e9n involucrados. En este contexto, Brasil &amp; Silva Lda (Virver) proporciona todas las informaciones para que usted pueda ejercer su derecho de reclamaci\u00f3n ante una entidad oficial, tercera e imparcial al proceso. Por lo tanto, si no est\u00e1 satisfecho con la compra de un bien o servicio en nuestro sitio web, o con la soluci\u00f3n presentada por nosotros para resolver la situaci\u00f3n, puede acceder a este sitio web oficial https:\/\/ec.europa.eu\/consumers\/odr y exponer su objeci\u00f3n.<\/li><li>Todos los mensajes electr\u00f3nicos enviados al acceder a la tienda en l\u00ednea, incluidos correos electr\u00f3nicos y mensajes a trav\u00e9s de un navegador de Internet, ser\u00e1n considerados, a los efectos de la ley aplicable, como declaraciones contractuales.<\/li><li>La resoluci\u00f3n alternativa de litigios es la posibilidad que tienen todos los consumidores de acudir a entidades oficiales que les ayuden en la resoluci\u00f3n, o en la orientaci\u00f3n de cualquier conflicto, antes de iniciar un procedimiento judicial en los tribunales. Como regla general, el procedimiento es el siguiente: el cliente solicita a un tercero imparcial que act\u00fae como intermediario entre \u00e9l y el comerciante, que es objeto de su reclamaci\u00f3n. El intermediario puede sugerir una soluci\u00f3n a su queja, imponer una soluci\u00f3n a ambas partes o reunir a las partes para encontrar una soluci\u00f3n.<\/li><li>Puede que conozcas el concepto de resoluci\u00f3n alternativa de litigios por otro nombre: &#8216;mediaci\u00f3n&#8217;, &#8216;conciliaci\u00f3n&#8217;, &#8216;arbitraje&#8217; o &#8216;comit\u00e9 responsable de litigios de consumo&#8217;.<\/li><li>La resoluci\u00f3n alternativa de disputas es, por regla general, menos costosa, menos formal y m\u00e1s r\u00e1pida que la v\u00eda judicial.<\/li><li>Sugerencias de entidades alternativas de resoluci\u00f3n de conflictos:<\/li><\/ol><\/li><\/ol>\n\n\n\n<p>Cniacc \u2013 Centro Nacional de Informa\u00e7\u00e3o e Arbitragem de Conflitos de Consumo<\/p>\n\n\n\n<p><a href=\"https:\/\/www.cniacc.pt\/pt\/\">https:\/\/www.cniacc.pt\/pt\/<\/a><\/p>\n\n\n\n<p>Centro de Arbitragem de Conflitos de Consumo de Lisboa<\/p>\n\n\n\n<p>http:\/\/www.centroarbitragemlisboa.pt\/<\/p>\n\n\n\n<p>Centro de Arbitragem de Conflitos de Consumo do Vale do Ave\/Tribunal Arbitral<\/p>\n\n\n\n<p><div class=\"entry-content-asset\"><blockquote class=\"wp-embedded-content\" data-secret=\"qBpIQznvBO\"><a href=\"https:\/\/www.triave.pt\/\">Home<\/a><\/blockquote><iframe class=\"wp-embedded-content\" sandbox=\"allow-scripts\" security=\"restricted\" style=\"position: absolute; clip: rect(1px, 1px, 1px, 1px);\" title=\"&#8220;Home&#8221; &#8212; TRIAVE\" src=\"https:\/\/www.triave.pt\/embed\/#?secret=IC2ZBspucn#?secret=qBpIQznvBO\" data-secret=\"qBpIQznvBO\" width=\"600\" height=\"338\" frameborder=\"0\" marginwidth=\"0\" marginheight=\"0\" scrolling=\"no\"><\/iframe><\/div><\/p>\n\n\n\n<p>Ciab \u2013 Centro de Informa\u00e7\u00e3o, Media\u00e7\u00e3o e Arbitragem de Consumo (Tribunal Arbitral de Consumo)<\/p>\n\n\n\n<p>http:\/\/www.ciab.pt\/pt\/<\/p>\n\n\n\n<p>Cicap \u2013 Tribunal Arbitral de Consumo<\/p>\n\n\n\n<figure class=\"wp-block-embed is-type-wp-embed is-provider-cicap wp-block-embed-cicap\"><div class=\"wp-block-embed__wrapper\">\n<div class=\"entry-content-asset\"><blockquote class=\"wp-embedded-content\" data-secret=\"1LkqrRv8mQ\"><a href=\"https:\/\/www.cicap.pt\/\">Home &#8211; INFORMA-SE QUE ENQUANTO PERDURAR O ESTADO DE EMERG\u00caNCIA O ATENDIMENTO APENAS SER\u00c1 FEITO VIA TELEFONE, EMAIL OU ATRAV\u00c9S DO NOSSO FORMUL\u00c1RIO DE CONTACTO.<\/a><\/blockquote><iframe class=\"wp-embedded-content\" sandbox=\"allow-scripts\" security=\"restricted\" style=\"position: absolute; clip: rect(1px, 1px, 1px, 1px);\" title=\"&#8220;Home &#8211; INFORMA-SE QUE ENQUANTO PERDURAR O ESTADO DE EMERG\u00caNCIA O ATENDIMENTO APENAS SER\u00c1 FEITO VIA TELEFONE, EMAIL OU ATRAV\u00c9S DO NOSSO FORMUL\u00c1RIO DE CONTACTO.&#8221; &#8212; CICAP\" src=\"https:\/\/www.cicap.pt\/embed\/#?secret=43ZZaibIk4#?secret=1LkqrRv8mQ\" data-secret=\"1LkqrRv8mQ\" width=\"600\" height=\"338\" frameborder=\"0\" marginwidth=\"0\" marginheight=\"0\" scrolling=\"no\"><\/iframe><\/div>\n<\/div><\/figure>\n\n\n\n<ol start=\"6\"><li><strong>Disposiciones finales<\/strong><ol><li>Todos los mensajes electr\u00f3nicos enviados al acceder a la tienda en l\u00ednea, incluidos correos electr\u00f3nicos y mensajes a trav\u00e9s de un navegador de Internet, ser\u00e1n considerados, a los efectos de la ley aplicable, como declaraciones contractuales.<\/li><li>Brasil &amp; Silva Lda (Virver) podr\u00e1 enviar al cliente informaci\u00f3n sobre nuevos productos, promociones u otra informaci\u00f3n de inter\u00e9s para los clientes de la tienda en l\u00ednea, si el cliente se ha suscrito al bolet\u00edn.<\/li><li>Para cualquier comentario o consulta, p\u00f3ngase en contacto con nuestra l\u00ednea de atenci\u00f3n al cliente en el 966780152 o env\u00ede un correo electr\u00f3nico a reservas.virver@gmail.com.<\/li><\/ol><\/li><\/ol>\n","protected":false},"excerpt":{"rendered":"<p>PRE\u00c1MBULO: Estos T\u00e9rminos y Condiciones Generales de Venta en L\u00ednea, en lo sucesivo denominados [CONDICIONES], son acordados entre Brasil &amp; Silva Lda (Virver) con sede en Rua Cruz Nova, 22, Ilha de S\u00e3o Jorge Municipio: Calheta Parroquia: Calheta (9850 068 &hellip; <a href=\"https:\/\/virver-viagens.com\/es\/terminos-y-condiciones\/\">Leer M\u00e1s<\/a><\/p>\n","protected":false},"author":1,"featured_media":0,"parent":0,"menu_order":0,"comment_status":"closed","ping_status":"closed","template":"","meta":[],"yoast_head":"<!-- This site is optimized with the Yoast SEO plugin v17.8 - https:\/\/yoast.com\/wordpress\/plugins\/seo\/ -->\n<title>T\u00e9rminos y Condiciones - Virver<\/title>\n<meta name=\"description\" content=\"Consulta los t\u00e9rminos y condiciones de uso de nuestra web. Aseg\u00farese de leer detenidamente todos los t\u00e9rminos que se muestran en la p\u00e1gina.\" \/>\n<meta name=\"robots\" content=\"index, follow, max-snippet:-1, max-image-preview:large, max-video-preview:-1\" \/>\n<link rel=\"canonical\" href=\"https:\/\/virver-viagens.com\/es\/terminos-y-condiciones\/\" \/>\n<meta property=\"og:locale\" content=\"es_ES\" \/>\n<meta property=\"og:type\" content=\"article\" \/>\n<meta property=\"og:title\" content=\"T\u00e9rminos y Condiciones - Virver\" \/>\n<meta property=\"og:description\" content=\"Consulta los t\u00e9rminos y condiciones de uso de nuestra web. Aseg\u00farese de leer detenidamente todos los t\u00e9rminos que se muestran en la p\u00e1gina.\" \/>\n<meta property=\"og:url\" content=\"https:\/\/virver-viagens.com\/es\/terminos-y-condiciones\/\" \/>\n<meta property=\"og:site_name\" content=\"Virver\" \/>\n<meta property=\"article:modified_time\" content=\"2022-03-01T13:09:16+00:00\" \/>\n<meta name=\"twitter:card\" content=\"summary_large_image\" \/>\n<meta name=\"twitter:label1\" content=\"Tiempo de lectura\" \/>\n\t<meta name=\"twitter:data1\" content=\"7 minutos\" \/>\n<script type=\"application\/ld+json\" class=\"yoast-schema-graph\">{\"@context\":\"https:\/\/schema.org\",\"@graph\":[{\"@type\":\"WebSite\",\"@id\":\"https:\/\/virver-viagens.com\/#website\",\"url\":\"https:\/\/virver-viagens.com\/\",\"name\":\"Virver\",\"description\":\"\",\"potentialAction\":[{\"@type\":\"SearchAction\",\"target\":{\"@type\":\"EntryPoint\",\"urlTemplate\":\"https:\/\/virver-viagens.com\/?s={search_term_string}\"},\"query-input\":\"required name=search_term_string\"}],\"inLanguage\":\"es\"},{\"@type\":\"WebPage\",\"@id\":\"https:\/\/virver-viagens.com\/es\/terminos-y-condiciones\/#webpage\",\"url\":\"https:\/\/virver-viagens.com\/es\/terminos-y-condiciones\/\",\"name\":\"T\\u00e9rminos y Condiciones - Virver\",\"isPartOf\":{\"@id\":\"https:\/\/virver-viagens.com\/#website\"},\"datePublished\":\"2022-01-04T16:04:03+00:00\",\"dateModified\":\"2022-03-01T13:09:16+00:00\",\"description\":\"Consulta los t\\u00e9rminos y condiciones de uso de nuestra web. Aseg\\u00farese de leer detenidamente todos los t\\u00e9rminos que se muestran en la p\\u00e1gina.\",\"breadcrumb\":{\"@id\":\"https:\/\/virver-viagens.com\/es\/terminos-y-condiciones\/#breadcrumb\"},\"inLanguage\":\"es\",\"potentialAction\":[{\"@type\":\"ReadAction\",\"target\":[\"https:\/\/virver-viagens.com\/es\/terminos-y-condiciones\/\"]}]},{\"@type\":\"BreadcrumbList\",\"@id\":\"https:\/\/virver-viagens.com\/es\/terminos-y-condiciones\/#breadcrumb\",\"itemListElement\":[{\"@type\":\"ListItem\",\"position\":1,\"name\":\"T\\u00e9rminos y Condiciones\"}]}]}<\/script>\n<!-- \/ Yoast SEO plugin. -->","yoast_head_json":{"title":"T\u00e9rminos y Condiciones - Virver","description":"Consulta los t\u00e9rminos y condiciones de uso de nuestra web. Aseg\u00farese de leer detenidamente todos los t\u00e9rminos que se muestran en la p\u00e1gina.","robots":{"index":"index","follow":"follow","max-snippet":"max-snippet:-1","max-image-preview":"max-image-preview:large","max-video-preview":"max-video-preview:-1"},"canonical":"https:\/\/virver-viagens.com\/es\/terminos-y-condiciones\/","og_locale":"es_ES","og_type":"article","og_title":"T\u00e9rminos y Condiciones - Virver","og_description":"Consulta los t\u00e9rminos y condiciones de uso de nuestra web. Aseg\u00farese de leer detenidamente todos los t\u00e9rminos que se muestran en la p\u00e1gina.","og_url":"https:\/\/virver-viagens.com\/es\/terminos-y-condiciones\/","og_site_name":"Virver","article_modified_time":"2022-03-01T13:09:16+00:00","twitter_card":"summary_large_image","twitter_misc":{"Tiempo de lectura":"7 minutos"},"schema":{"@context":"https:\/\/schema.org","@graph":[{"@type":"WebSite","@id":"https:\/\/virver-viagens.com\/#website","url":"https:\/\/virver-viagens.com\/","name":"Virver","description":"","potentialAction":[{"@type":"SearchAction","target":{"@type":"EntryPoint","urlTemplate":"https:\/\/virver-viagens.com\/?s={search_term_string}"},"query-input":"required name=search_term_string"}],"inLanguage":"es"},{"@type":"WebPage","@id":"https:\/\/virver-viagens.com\/es\/terminos-y-condiciones\/#webpage","url":"https:\/\/virver-viagens.com\/es\/terminos-y-condiciones\/","name":"T\u00e9rminos y Condiciones - Virver","isPartOf":{"@id":"https:\/\/virver-viagens.com\/#website"},"datePublished":"2022-01-04T16:04:03+00:00","dateModified":"2022-03-01T13:09:16+00:00","description":"Consulta los t\u00e9rminos y condiciones de uso de nuestra web. Aseg\u00farese de leer detenidamente todos los t\u00e9rminos que se muestran en la p\u00e1gina.","breadcrumb":{"@id":"https:\/\/virver-viagens.com\/es\/terminos-y-condiciones\/#breadcrumb"},"inLanguage":"es","potentialAction":[{"@type":"ReadAction","target":["https:\/\/virver-viagens.com\/es\/terminos-y-condiciones\/"]}]},{"@type":"BreadcrumbList","@id":"https:\/\/virver-viagens.com\/es\/terminos-y-condiciones\/#breadcrumb","itemListElement":[{"@type":"ListItem","position":1,"name":"T\u00e9rminos y Condiciones"}]}]}},"_links":{"self":[{"href":"https:\/\/virver-viagens.com\/es\/wp-json\/wp\/v2\/pages\/949"}],"collection":[{"href":"https:\/\/virver-viagens.com\/es\/wp-json\/wp\/v2\/pages"}],"about":[{"href":"https:\/\/virver-viagens.com\/es\/wp-json\/wp\/v2\/types\/page"}],"author":[{"embeddable":true,"href":"https:\/\/virver-viagens.com\/es\/wp-json\/wp\/v2\/users\/1"}],"replies":[{"embeddable":true,"href":"https:\/\/virver-viagens.com\/es\/wp-json\/wp\/v2\/comments?post=949"}],"version-history":[{"count":5,"href":"https:\/\/virver-viagens.com\/es\/wp-json\/wp\/v2\/pages\/949\/revisions"}],"predecessor-version":[{"id":1431,"href":"https:\/\/virver-viagens.com\/es\/wp-json\/wp\/v2\/pages\/949\/revisions\/1431"}],"wp:attachment":[{"href":"https:\/\/virver-viagens.com\/es\/wp-json\/wp\/v2\/media?parent=949"}],"curies":[{"name":"wp","href":"https:\/\/api.w.org\/{rel}","templated":true}]}}