{"id":951,"date":"2022-01-06T11:26:01","date_gmt":"2022-01-06T11:26:01","guid":{"rendered":"http:\/\/virver-viagens.com\/traslados\/"},"modified":"2022-03-08T13:39:00","modified_gmt":"2022-03-08T13:39:00","slug":"traslados","status":"publish","type":"page","link":"https:\/\/virver-viagens.com\/es\/traslados\/","title":{"rendered":"Traslados"},"content":{"rendered":"\t\t<div data-elementor-type=\"wp-page\" data-elementor-id=\"951\" class=\"elementor elementor-951 elementor-349\" data-elementor-settings=\"[]\">\n\t\t\t\t\t\t<div class=\"elementor-inner\">\n\t\t\t\t\t\t\t<div class=\"elementor-section-wrap\">\n\t\t\t\t\t\t\t<section class=\"elementor-section elementor-top-section elementor-element elementor-element-1f9458b elementor-section-boxed elementor-section-height-default elementor-section-height-default\" data-id=\"1f9458b\" data-element_type=\"section\">\n\t\t\t\t\t\t<div class=\"elementor-container elementor-column-gap-default\">\n\t\t\t\t\t\t\t<div class=\"elementor-row\">\n\t\t\t\t\t<div class=\"elementor-column elementor-col-100 elementor-top-column elementor-element elementor-element-2225b22\" data-id=\"2225b22\" data-element_type=\"column\">\n\t\t\t<div class=\"elementor-column-wrap elementor-element-populated\">\n\t\t\t\t\t\t\t<div class=\"elementor-widget-wrap\">\n\t\t\t\t\t\t<div class=\"elementor-element elementor-element-94714ad elementor-widget elementor-widget-shortcode\" data-id=\"94714ad\" data-element_type=\"widget\" data-widget_type=\"shortcode.default\">\n\t\t\t\t<div class=\"elementor-widget-container\">\n\t\t\t\t\t<div class=\"elementor-shortcode\">\n          <div class=\"elementor-element elementor-element-j81sio5 elementor-widget elementor-widget-themo-blog\" data-id=\"j81sio5\" data-element_type=\"widget\" data-widget_type=\"themo-blog.default\">\n\t\t <div class=\"elementor-widget-container\">\n\t\t\t\t<section class=\"th-masonry-blog th-blog-3-col\">\n\t\t\t\t\t <div class=\"transferes_archive_grid\">\n\t\t\t\t\t\t\t<div class=\"transferes_archive_single post-321 post type-post status-publish format-standard has-post-thumbnail hentry category-sem-categoria\">\n\t\t\t\t<a href=\"https:\/\/virver-viagens.com\/es\/transfere\/traslado-4\/\">\n\t\t\t\t<div style=\"width: 100%;\n\t\t\t\tmin-height: 15rem; \n\t\t\t\tmax-height: 15rem; \n\t\t\t\tbackground-image: url(https:\/\/virver-viagens.com\/wp-content\/uploads\/2022\/02\/brasilesilva-87-scaled.jpg);\n\t\t\t\t\tbackground-position: center;\n\t\t\t\t\tbackground-repeat: no-repeat;\n\t\t\t\t\tbackground-size: cover;\"><\/div>\n\t\t\t\t<\/a>\n\t\t\t\t<div class=\"post-inner\" style=\"padding: 30px;\">\n\t\t\t\t\t<h5 class=\"archive_transferes_titulo post-title\" ><a href=\"https:\/\/virver-viagens.com\/es\/transfere\/traslado-4\/\">Traslado 4<\/a><\/h5>\n\t\t\t\t<\/div>\n\t\t\t\t<div style=\"display:grid; justify-items:center\">\n\t\t\t\t\t<a style=\"padding: 5px 15px;\" class=\"btn-1 btn th-btn btn-standard-accent\" href=\"https:\/\/virver-viagens.com\/es\/transfere\/traslado-4\/\">PARA PROGRAMAR<\/a>\n\t\t\t\t<\/div>\n\t\t<\/div><div class=\"transferes_archive_single post-321 post type-post status-publish format-standard has-post-thumbnail hentry category-sem-categoria\">\n\t\t\t\t<a href=\"https:\/\/virver-viagens.com\/es\/transfere\/traslado-3\/\">\n\t\t\t\t<div style=\"width: 100%;\n\t\t\t\tmin-height: 15rem; \n\t\t\t\tmax-height: 15rem; \n\t\t\t\tbackground-image: url(https:\/\/virver-viagens.com\/wp-content\/uploads\/2022\/02\/brasilesilva-83-scaled.jpg);\n\t\t\t\t\tbackground-position: center;\n\t\t\t\t\tbackground-repeat: no-repeat;\n\t\t\t\t\tbackground-size: cover;\"><\/div>\n\t\t\t\t<\/a>\n\t\t\t\t<div class=\"post-inner\" style=\"padding: 30px;\">\n\t\t\t\t\t<h5 class=\"archive_transferes_titulo post-title\" ><a href=\"https:\/\/virver-viagens.com\/es\/transfere\/traslado-3\/\">Traslado 3<\/a><\/h5>\n\t\t\t\t<\/div>\n\t\t\t\t<div style=\"display:grid; justify-items:center\">\n\t\t\t\t\t<a style=\"padding: 5px 15px;\" class=\"btn-1 btn th-btn btn-standard-accent\" href=\"https:\/\/virver-viagens.com\/es\/transfere\/traslado-3\/\">PARA PROGRAMAR<\/a>\n\t\t\t\t<\/div>\n\t\t<\/div><div class=\"transferes_archive_single post-321 post type-post status-publish format-standard has-post-thumbnail hentry category-sem-categoria\">\n\t\t\t\t<a href=\"https:\/\/virver-viagens.com\/es\/transfere\/traslado-2\/\">\n\t\t\t\t<div style=\"width: 100%;\n\t\t\t\tmin-height: 15rem; \n\t\t\t\tmax-height: 15rem; \n\t\t\t\tbackground-image: url(https:\/\/virver-viagens.com\/wp-content\/uploads\/2022\/02\/brasilesilva-86-scaled.jpg);\n\t\t\t\t\tbackground-position: center;\n\t\t\t\t\tbackground-repeat: no-repeat;\n\t\t\t\t\tbackground-size: cover;\"><\/div>\n\t\t\t\t<\/a>\n\t\t\t\t<div class=\"post-inner\" style=\"padding: 30px;\">\n\t\t\t\t\t<h5 class=\"archive_transferes_titulo post-title\" ><a href=\"https:\/\/virver-viagens.com\/es\/transfere\/traslado-2\/\">Traslado 2<\/a><\/h5>\n\t\t\t\t<\/div>\n\t\t\t\t<div style=\"display:grid; justify-items:center\">\n\t\t\t\t\t<a style=\"padding: 5px 15px;\" class=\"btn-1 btn th-btn btn-standard-accent\" href=\"https:\/\/virver-viagens.com\/es\/transfere\/traslado-2\/\">PARA PROGRAMAR<\/a>\n\t\t\t\t<\/div>\n\t\t<\/div><div class=\"transferes_archive_single post-321 post type-post status-publish format-standard has-post-thumbnail hentry category-sem-categoria\">\n\t\t\t\t<a href=\"https:\/\/virver-viagens.com\/es\/transfere\/traslado-1\/\">\n\t\t\t\t<div style=\"width: 100%;\n\t\t\t\tmin-height: 15rem; \n\t\t\t\tmax-height: 15rem; \n\t\t\t\tbackground-image: url(https:\/\/virver-viagens.com\/wp-content\/uploads\/2022\/02\/brasilesilva-82-scaled.jpg);\n\t\t\t\t\tbackground-position: center;\n\t\t\t\t\tbackground-repeat: no-repeat;\n\t\t\t\t\tbackground-size: cover;\"><\/div>\n\t\t\t\t<\/a>\n\t\t\t\t<div class=\"post-inner\" style=\"padding: 30px;\">\n\t\t\t\t\t<h5 class=\"archive_transferes_titulo post-title\" ><a href=\"https:\/\/virver-viagens.com\/es\/transfere\/traslado-1\/\">Traslado 1<\/a><\/h5>\n\t\t\t\t<\/div>\n\t\t\t\t<div style=\"display:grid; justify-items:center\">\n\t\t\t\t\t<a style=\"padding: 5px 15px;\" class=\"btn-1 btn th-btn btn-standard-accent\" href=\"https:\/\/virver-viagens.com\/es\/transfere\/traslado-1\/\">PARA PROGRAMAR<\/a>\n\t\t\t\t<\/div>\n\t\t<\/div>\n\t\t\t\t\t <\/div>\n\t\t\t\t<\/section>\n\t\t <\/div>\n\t<\/div>\n        <\/div>\n\t\t\t\t<\/div>\n\t\t\t\t<\/div>\n\t\t\t\t\t\t<\/div>\n\t\t\t\t\t<\/div>\n\t\t<\/div>\n\t\t\t\t\t\t\t\t<\/div>\n\t\t\t\t\t<\/div>\n\t\t<\/section>\n\t\t\t\t\t\t<\/div>\n\t\t\t\t\t\t<\/div>\n\t\t\t\t\t<\/div>\n\t\t","protected":false},"excerpt":{"rendered":"","protected":false},"author":1,"featured_media":0,"parent":0,"menu_order":0,"comment_status":"closed","ping_status":"closed","template":"","meta":[],"yoast_head":"<!-- This site is optimized with the Yoast SEO plugin v17.8 - https:\/\/yoast.com\/wordpress\/plugins\/seo\/ -->\n<title>Traslados para el aeropuerto - Virver - Viajes y descubrimientos -Azores<\/title>\n<meta name=\"description\" content=\"\u00bfSab\u00edas que en Viver ofrecemos servicios de transfer desde y hacia el aeropuerto? H\u00e1blanos. Disfruta S\u00e3o Jorge.\" \/>\n<meta name=\"robots\" content=\"index, follow, max-snippet:-1, max-image-preview:large, max-video-preview:-1\" \/>\n<link rel=\"canonical\" href=\"https:\/\/virver-viagens.com\/es\/traslados\/\" \/>\n<meta property=\"og:locale\" content=\"es_ES\" \/>\n<meta property=\"og:type\" content=\"article\" \/>\n<meta property=\"og:title\" content=\"Traslados para el aeropuerto - Virver - Viajes y descubrimientos -Azores\" \/>\n<meta property=\"og:description\" content=\"\u00bfSab\u00edas que en Viver ofrecemos servicios de transfer desde y hacia el aeropuerto? H\u00e1blanos. Disfruta S\u00e3o Jorge.\" \/>\n<meta property=\"og:url\" content=\"https:\/\/virver-viagens.com\/es\/traslados\/\" \/>\n<meta property=\"og:site_name\" content=\"Virver\" \/>\n<meta property=\"article:modified_time\" content=\"2022-03-08T13:39:00+00:00\" \/>\n<meta name=\"twitter:card\" content=\"summary_large_image\" \/>\n<script type=\"application\/ld+json\" class=\"yoast-schema-graph\">{\"@context\":\"https:\/\/schema.org\",\"@graph\":[{\"@type\":\"WebSite\",\"@id\":\"https:\/\/virver-viagens.com\/#website\",\"url\":\"https:\/\/virver-viagens.com\/\",\"name\":\"Virver\",\"description\":\"\",\"potentialAction\":[{\"@type\":\"SearchAction\",\"target\":{\"@type\":\"EntryPoint\",\"urlTemplate\":\"https:\/\/virver-viagens.com\/?s={search_term_string}\"},\"query-input\":\"required name=search_term_string\"}],\"inLanguage\":\"es\"},{\"@type\":\"WebPage\",\"@id\":\"https:\/\/virver-viagens.com\/es\/traslados\/#webpage\",\"url\":\"https:\/\/virver-viagens.com\/es\/traslados\/\",\"name\":\"Traslados para el aeropuerto - Virver - Viajes y descubrimientos -Azores\",\"isPartOf\":{\"@id\":\"https:\/\/virver-viagens.com\/#website\"},\"datePublished\":\"2022-01-06T11:26:01+00:00\",\"dateModified\":\"2022-03-08T13:39:00+00:00\",\"description\":\"\\u00bfSab\\u00edas que en Viver ofrecemos servicios de transfer desde y hacia el aeropuerto? H\\u00e1blanos. Disfruta S\\u00e3o Jorge.\",\"breadcrumb\":{\"@id\":\"https:\/\/virver-viagens.com\/es\/traslados\/#breadcrumb\"},\"inLanguage\":\"es\",\"potentialAction\":[{\"@type\":\"ReadAction\",\"target\":[\"https:\/\/virver-viagens.com\/es\/traslados\/\"]}]},{\"@type\":\"BreadcrumbList\",\"@id\":\"https:\/\/virver-viagens.com\/es\/traslados\/#breadcrumb\",\"itemListElement\":[{\"@type\":\"ListItem\",\"position\":1,\"name\":\"Traslados\"}]}]}<\/script>\n<!-- \/ Yoast SEO plugin. -->","yoast_head_json":{"title":"Traslados para el aeropuerto - Virver - Viajes y descubrimientos -Azores","description":"\u00bfSab\u00edas que en Viver ofrecemos servicios de transfer desde y hacia el aeropuerto? H\u00e1blanos. Disfruta S\u00e3o Jorge.","robots":{"index":"index","follow":"follow","max-snippet":"max-snippet:-1","max-image-preview":"max-image-preview:large","max-video-preview":"max-video-preview:-1"},"canonical":"https:\/\/virver-viagens.com\/es\/traslados\/","og_locale":"es_ES","og_type":"article","og_title":"Traslados para el aeropuerto - Virver - Viajes y descubrimientos -Azores","og_description":"\u00bfSab\u00edas que en Viver ofrecemos servicios de transfer desde y hacia el aeropuerto? H\u00e1blanos. Disfruta S\u00e3o Jorge.","og_url":"https:\/\/virver-viagens.com\/es\/traslados\/","og_site_name":"Virver","article_modified_time":"2022-03-08T13:39:00+00:00","twitter_card":"summary_large_image","schema":{"@context":"https:\/\/schema.org","@graph":[{"@type":"WebSite","@id":"https:\/\/virver-viagens.com\/#website","url":"https:\/\/virver-viagens.com\/","name":"Virver","description":"","potentialAction":[{"@type":"SearchAction","target":{"@type":"EntryPoint","urlTemplate":"https:\/\/virver-viagens.com\/?s={search_term_string}"},"query-input":"required name=search_term_string"}],"inLanguage":"es"},{"@type":"WebPage","@id":"https:\/\/virver-viagens.com\/es\/traslados\/#webpage","url":"https:\/\/virver-viagens.com\/es\/traslados\/","name":"Traslados para el aeropuerto - Virver - Viajes y descubrimientos -Azores","isPartOf":{"@id":"https:\/\/virver-viagens.com\/#website"},"datePublished":"2022-01-06T11:26:01+00:00","dateModified":"2022-03-08T13:39:00+00:00","description":"\u00bfSab\u00edas que en Viver ofrecemos servicios de transfer desde y hacia el aeropuerto? H\u00e1blanos. Disfruta S\u00e3o Jorge.","breadcrumb":{"@id":"https:\/\/virver-viagens.com\/es\/traslados\/#breadcrumb"},"inLanguage":"es","potentialAction":[{"@type":"ReadAction","target":["https:\/\/virver-viagens.com\/es\/traslados\/"]}]},{"@type":"BreadcrumbList","@id":"https:\/\/virver-viagens.com\/es\/traslados\/#breadcrumb","itemListElement":[{"@type":"ListItem","position":1,"name":"Traslados"}]}]}},"_links":{"self":[{"href":"https:\/\/virver-viagens.com\/es\/wp-json\/wp\/v2\/pages\/951"}],"collection":[{"href":"https:\/\/virver-viagens.com\/es\/wp-json\/wp\/v2\/pages"}],"about":[{"href":"https:\/\/virver-viagens.com\/es\/wp-json\/wp\/v2\/types\/page"}],"author":[{"embeddable":true,"href":"https:\/\/virver-viagens.com\/es\/wp-json\/wp\/v2\/users\/1"}],"replies":[{"embeddable":true,"href":"https:\/\/virver-viagens.com\/es\/wp-json\/wp\/v2\/comments?post=951"}],"version-history":[{"count":3,"href":"https:\/\/virver-viagens.com\/es\/wp-json\/wp\/v2\/pages\/951\/revisions"}],"predecessor-version":[{"id":1444,"href":"https:\/\/virver-viagens.com\/es\/wp-json\/wp\/v2\/pages\/951\/revisions\/1444"}],"wp:attachment":[{"href":"https:\/\/virver-viagens.com\/es\/wp-json\/wp\/v2\/media?parent=951"}],"curies":[{"name":"wp","href":"https:\/\/api.w.org\/{rel}","templated":true}]}}