{"id":955,"date":"2017-05-31T05:00:25","date_gmt":"2017-05-31T05:00:25","guid":{"rendered":"http:\/\/virver-viagens.com\/circuitos-turisticos\/"},"modified":"2022-03-08T13:25:03","modified_gmt":"2022-03-08T13:25:03","slug":"circuitos-turisticos","status":"publish","type":"page","link":"https:\/\/virver-viagens.com\/es\/circuitos-turisticos\/","title":{"rendered":"Circuitos Tur\u00edsticos"},"content":{"rendered":"\t\t<div data-elementor-type=\"wp-post\" data-elementor-id=\"955\" class=\"elementor elementor-955 elementor-42\" data-elementor-settings=\"[]\">\n\t\t\t\t\t\t<div class=\"elementor-inner\">\n\t\t\t\t\t\t\t<div class=\"elementor-section-wrap\">\n\t\t\t\t\t\t\t<section class=\"elementor-section elementor-top-section elementor-element elementor-element-fe87dac elementor-section-boxed elementor-section-height-default elementor-section-height-default\" data-id=\"fe87dac\" data-element_type=\"section\">\n\t\t\t\t\t\t<div class=\"elementor-container elementor-column-gap-default\">\n\t\t\t\t\t\t\t<div class=\"elementor-row\">\n\t\t\t\t\t<div class=\"elementor-column elementor-col-100 elementor-top-column elementor-element elementor-element-30dbcc5\" data-id=\"30dbcc5\" data-element_type=\"column\">\n\t\t\t<div class=\"elementor-column-wrap elementor-element-populated\">\n\t\t\t\t\t\t\t<div class=\"elementor-widget-wrap\">\n\t\t\t\t\t\t<div class=\"elementor-element elementor-element-336394f elementor-widget elementor-widget-shortcode\" data-id=\"336394f\" data-element_type=\"widget\" data-widget_type=\"shortcode.default\">\n\t\t\t\t<div class=\"elementor-widget-container\">\n\t\t\t\t\t<div class=\"elementor-shortcode\"><div class=\"th-service-block-w\" style=\"text-align:center\">\n\t\t <div class=\"elementor-icon-box-wrapper th-show-icon\">\n\t\t\t\t<div class=\"elementor-icon-box-icon th-icon-size-md\">\n\t\t\t\t\t <span class=\"elementor-icon\">\n\t\t\t\t\t <i class=\"fal fa-tags\" style=\"color:#ff6c00\"><\/i>\n\t\t\t\t\t <\/span>\n\t\t\t\t<\/div>\n\t\t\t\t<div class=\"elementor-icon-box-content\">\n\t\t\t\t\t <h5 class=\"elementor-icon-box-title\" style=\"font-weight: bold;\n\t\t\t\t\t color: #1c331c;\n\t\t\t\t\t font-size: 2rem;\">\n\t\t\t\t\t\t\t<span>Circuitos Tur\u00edsticos<\/span>\n\t\t\t\t\t <\/h5>\n\t\t\t\t\t <p class=\"elementor-icon-box-description\">Ven y descubre la Isla de S\u00e3o Jorge reservando uno de nuestros circuitos tur\u00edsticos predefinidos o personaliza el circuito a tu gusto, visitando los puntos de inter\u00e9s deseados.\r\n<\/p>\n\t\t\t\t<\/div>\n\t\t <\/div>\n\t<\/div><\/div>\n\t\t\t\t<\/div>\n\t\t\t\t<\/div>\n\t\t\t\t\t\t<\/div>\n\t\t\t\t\t<\/div>\n\t\t<\/div>\n\t\t\t\t\t\t\t\t<\/div>\n\t\t\t\t\t<\/div>\n\t\t<\/section>\n\t\t\t\t<section class=\"elementor-section elementor-top-section elementor-element elementor-element-c338441 elementor-section-boxed elementor-section-height-default elementor-section-height-default\" data-id=\"c338441\" data-element_type=\"section\">\n\t\t\t\t\t\t<div class=\"elementor-container elementor-column-gap-default\">\n\t\t\t\t\t\t\t<div class=\"elementor-row\">\n\t\t\t\t\t<div class=\"elementor-column elementor-col-100 elementor-top-column elementor-element elementor-element-0bd8d0c\" data-id=\"0bd8d0c\" data-element_type=\"column\">\n\t\t\t<div class=\"elementor-column-wrap elementor-element-populated\">\n\t\t\t\t\t\t\t<div class=\"elementor-widget-wrap\">\n\t\t\t\t\t\t<div class=\"elementor-element elementor-element-aa644c6 elementor-widget elementor-widget-shortcode\" data-id=\"aa644c6\" data-element_type=\"widget\" data-widget_type=\"shortcode.default\">\n\t\t\t\t<div class=\"elementor-widget-container\">\n\t\t\t\t\t<div class=\"elementor-shortcode\"><div class=\"elementor-element elementor-element-j81sio5 elementor-widget elementor-widget-themo-blog\" data-id=\"j81sio5\" data-element_type=\"widget\" data-widget_type=\"themo-blog.default\">\n\t\t <div class=\"elementor-widget-container\">\n\t\t\t\t<section class=\"th-masonry-blog th-blog-3-col\">\n\t\t\t\t\t <div class=\"mas-blog row\" style=\"position: relative; height: 656.45px;\">\n\t\t\t\t\t\t\t<div class=\"mas-blog-post-sizer col-sm-6 col-md-4\"><\/div>\n\t\t\t\t\t\t\t<div class=\"mas-blog-post col-sm-6 col-md-4 post-321 post type-post status-publish format-standard has-post-thumbnail hentry category-sem-categoria\" style=\"position: absolute; left: 0%; top: 0px;\">\n\t\t<a href=\"https:\/\/virver-viagens.com\/es\/circuito_turistico\/circuito-4\/\">\n\t\t<img src=\"https:\/\/virver-viagens.com\/wp-content\/uploads\/2022\/02\/brasilesilva-35-scaled.jpg\" class=\"img-responsive wp-post-image\" alt=\"\" loading=\"lazy\" 100vw, 394px\" width=\"394\" height=\"246\"><\/a>\n\t\t\t\t<div class=\"archive_circuito_single_post_inner post-inner\">\n\t\t\t\t\t<h3 class=\"post-title\" ><a style=\"color: #1c331c;\" href=\"https:\/\/virver-viagens.com\/es\/circuito_turistico\/circuito-4\/\">Circuito 4<\/a><\/h3>\n\t\t\t\t\t<div class=\"entry-content post-excerpt\">\n\t\t\t\t\t\t\t<p>El Circuito 4 (S\u00e3o Jorge) tiene como objetivo mostrar los principales miradores de Faj\u00e3s do Norte, a saber: Faj\u00e3 dos Cubres, vencedor del Concurso 7 Maravillas de Portugal en la&hellip;<\/p>\n\t\t\t\t\t<\/div>\n\t\t\t\t\t\n\t\t\t\t<\/div>\n\t\t<\/div><div class=\"mas-blog-post col-sm-6 col-md-4 post-321 post type-post status-publish format-standard has-post-thumbnail hentry category-sem-categoria\" style=\"position: absolute; left: 0%; top: 0px;\">\n\t\t<a href=\"https:\/\/virver-viagens.com\/es\/circuito_turistico\/circuito-3\/\">\n\t\t<img src=\"https:\/\/virver-viagens.com\/wp-content\/uploads\/2022\/02\/brasilesilva-98-scaled.jpg\" class=\"img-responsive wp-post-image\" alt=\"\" loading=\"lazy\" 100vw, 394px\" width=\"394\" height=\"246\"><\/a>\n\t\t\t\t<div class=\"archive_circuito_single_post_inner post-inner\">\n\t\t\t\t\t<h3 class=\"post-title\" ><a style=\"color: #1c331c;\" href=\"https:\/\/virver-viagens.com\/es\/circuito_turistico\/circuito-3\/\">Circuito 3<\/a><\/h3>\n\t\t\t\t\t<div class=\"entry-content post-excerpt\">\n\t\t\t\t\t\t\t<p>El Circuito 3 (S\u00e3o Jorge) tiene como objetivo mostrar la isla de S\u00e3o Jorge en los Azores en general, pasando por los principales puntos de inter\u00e9s y miradores. Lugar de&hellip;<\/p>\n\t\t\t\t\t<\/div>\n\t\t\t\t\t\n\t\t\t\t<\/div>\n\t\t<\/div><div class=\"mas-blog-post col-sm-6 col-md-4 post-321 post type-post status-publish format-standard has-post-thumbnail hentry category-sem-categoria\" style=\"position: absolute; left: 0%; top: 0px;\">\n\t\t<a href=\"https:\/\/virver-viagens.com\/es\/circuito_turistico\/circuito-turistico-2\/\">\n\t\t<img src=\"https:\/\/virver-viagens.com\/wp-content\/uploads\/2022\/02\/brasilesilva-99-scaled.jpg\" class=\"img-responsive wp-post-image\" alt=\"\" loading=\"lazy\" 100vw, 394px\" width=\"394\" height=\"246\"><\/a>\n\t\t\t\t<div class=\"archive_circuito_single_post_inner post-inner\">\n\t\t\t\t\t<h3 class=\"post-title\" ><a style=\"color: #1c331c;\" href=\"https:\/\/virver-viagens.com\/es\/circuito_turistico\/circuito-turistico-2\/\">Circuito 2<\/a><\/h3>\n\t\t\t\t\t<div class=\"entry-content post-excerpt\">\n\t\t\t\t\t\t\t<p>El Circuito 2 (S\u00e3o Jorge) tiene como objetivo mostrar los principales puntos de inter\u00e9s y miradores de los municipios de Velas y Calheta en la isla de S\u00e3o Jorge Azores.&hellip;<\/p>\n\t\t\t\t\t<\/div>\n\t\t\t\t\t\n\t\t\t\t<\/div>\n\t\t<\/div><div class=\"mas-blog-post col-sm-6 col-md-4 post-321 post type-post status-publish format-standard has-post-thumbnail hentry category-sem-categoria\" style=\"position: absolute; left: 0%; top: 0px;\">\n\t\t<a href=\"https:\/\/virver-viagens.com\/es\/circuito_turistico\/circuito-turistico-1\/\">\n\t\t<img src=\"https:\/\/virver-viagens.com\/wp-content\/uploads\/2022\/02\/brasilesilva-74-scaled.jpg\" class=\"img-responsive wp-post-image\" alt=\"\" loading=\"lazy\" 100vw, 394px\" width=\"394\" height=\"246\"><\/a>\n\t\t\t\t<div class=\"archive_circuito_single_post_inner post-inner\">\n\t\t\t\t\t<h3 class=\"post-title\" ><a style=\"color: #1c331c;\" href=\"https:\/\/virver-viagens.com\/es\/circuito_turistico\/circuito-turistico-1\/\">Circuito 1<\/a><\/h3>\n\t\t\t\t\t<div class=\"entry-content post-excerpt\">\n\t\t\t\t\t\t\t<p>El Circuito 1 (S\u00e3o Jorge) tiene como objetivo mostrar la isla de S\u00e3o Jorge en los Azores en general, pasando por los principales puntos de inter\u00e9s y miradores. Lugar de&hellip;<\/p>\n\t\t\t\t\t<\/div>\n\t\t\t\t\t\n\t\t\t\t<\/div>\n\t\t<\/div>\n\t\t\t\t\t <\/div>\n\t\t\t\t<\/section>\n\t\t <\/div>\n\t<\/div><\/div>\n\t\t\t\t<\/div>\n\t\t\t\t<\/div>\n\t\t\t\t\t\t<\/div>\n\t\t\t\t\t<\/div>\n\t\t<\/div>\n\t\t\t\t\t\t\t\t<\/div>\n\t\t\t\t\t<\/div>\n\t\t<\/section>\n\t\t\t\t\t\t<\/div>\n\t\t\t\t\t\t<\/div>\n\t\t\t\t\t<\/div>\n\t\t","protected":false},"excerpt":{"rendered":"","protected":false},"author":1,"featured_media":0,"parent":0,"menu_order":11,"comment_status":"closed","ping_status":"closed","template":"","meta":[],"yoast_head":"<!-- This site is optimized with the Yoast SEO plugin v17.8 - https:\/\/yoast.com\/wordpress\/plugins\/seo\/ -->\n<title>Circuitos Tur\u00edsticos - Virver - Viajes y Descubrimientos - S\u00e3o Jorge, Azores<\/title>\n<meta name=\"description\" content=\"Descubre los mejores circuitos tur\u00edsticos de S\u00e3o Jorge con Virver. Queremos mostrarte cada rinc\u00f3n de esta hermosa isla.\" \/>\n<meta name=\"robots\" content=\"index, follow, max-snippet:-1, max-image-preview:large, max-video-preview:-1\" \/>\n<link rel=\"canonical\" href=\"https:\/\/virver-viagens.com\/es\/circuitos-turisticos\/\" \/>\n<meta property=\"og:locale\" content=\"es_ES\" \/>\n<meta property=\"og:type\" content=\"article\" \/>\n<meta property=\"og:title\" content=\"Circuitos Tur\u00edsticos - Virver - Viajes y Descubrimientos - S\u00e3o Jorge, Azores\" \/>\n<meta property=\"og:description\" content=\"Descubre los mejores circuitos tur\u00edsticos de S\u00e3o Jorge con Virver. Queremos mostrarte cada rinc\u00f3n de esta hermosa isla.\" \/>\n<meta property=\"og:url\" content=\"https:\/\/virver-viagens.com\/es\/circuitos-turisticos\/\" \/>\n<meta property=\"og:site_name\" content=\"Virver\" \/>\n<meta property=\"article:modified_time\" content=\"2022-03-08T13:25:03+00:00\" \/>\n<meta name=\"twitter:card\" content=\"summary_large_image\" \/>\n<script type=\"application\/ld+json\" class=\"yoast-schema-graph\">{\"@context\":\"https:\/\/schema.org\",\"@graph\":[{\"@type\":\"WebSite\",\"@id\":\"https:\/\/virver-viagens.com\/#website\",\"url\":\"https:\/\/virver-viagens.com\/\",\"name\":\"Virver\",\"description\":\"\",\"potentialAction\":[{\"@type\":\"SearchAction\",\"target\":{\"@type\":\"EntryPoint\",\"urlTemplate\":\"https:\/\/virver-viagens.com\/?s={search_term_string}\"},\"query-input\":\"required name=search_term_string\"}],\"inLanguage\":\"es\"},{\"@type\":\"WebPage\",\"@id\":\"https:\/\/virver-viagens.com\/es\/circuitos-turisticos\/#webpage\",\"url\":\"https:\/\/virver-viagens.com\/es\/circuitos-turisticos\/\",\"name\":\"Circuitos Tur\\u00edsticos - Virver - Viajes y Descubrimientos - S\\u00e3o Jorge, Azores\",\"isPartOf\":{\"@id\":\"https:\/\/virver-viagens.com\/#website\"},\"datePublished\":\"2017-05-31T05:00:25+00:00\",\"dateModified\":\"2022-03-08T13:25:03+00:00\",\"description\":\"Descubre los mejores circuitos tur\\u00edsticos de S\\u00e3o Jorge con Virver. Queremos mostrarte cada rinc\\u00f3n de esta hermosa isla.\",\"breadcrumb\":{\"@id\":\"https:\/\/virver-viagens.com\/es\/circuitos-turisticos\/#breadcrumb\"},\"inLanguage\":\"es\",\"potentialAction\":[{\"@type\":\"ReadAction\",\"target\":[\"https:\/\/virver-viagens.com\/es\/circuitos-turisticos\/\"]}]},{\"@type\":\"BreadcrumbList\",\"@id\":\"https:\/\/virver-viagens.com\/es\/circuitos-turisticos\/#breadcrumb\",\"itemListElement\":[{\"@type\":\"ListItem\",\"position\":1,\"name\":\"Circuitos Tur\\u00edsticos\"}]}]}<\/script>\n<!-- \/ Yoast SEO plugin. -->","yoast_head_json":{"title":"Circuitos Tur\u00edsticos - Virver - Viajes y Descubrimientos - S\u00e3o Jorge, Azores","description":"Descubre los mejores circuitos tur\u00edsticos de S\u00e3o Jorge con Virver. Queremos mostrarte cada rinc\u00f3n de esta hermosa isla.","robots":{"index":"index","follow":"follow","max-snippet":"max-snippet:-1","max-image-preview":"max-image-preview:large","max-video-preview":"max-video-preview:-1"},"canonical":"https:\/\/virver-viagens.com\/es\/circuitos-turisticos\/","og_locale":"es_ES","og_type":"article","og_title":"Circuitos Tur\u00edsticos - Virver - Viajes y Descubrimientos - S\u00e3o Jorge, Azores","og_description":"Descubre los mejores circuitos tur\u00edsticos de S\u00e3o Jorge con Virver. Queremos mostrarte cada rinc\u00f3n de esta hermosa isla.","og_url":"https:\/\/virver-viagens.com\/es\/circuitos-turisticos\/","og_site_name":"Virver","article_modified_time":"2022-03-08T13:25:03+00:00","twitter_card":"summary_large_image","schema":{"@context":"https:\/\/schema.org","@graph":[{"@type":"WebSite","@id":"https:\/\/virver-viagens.com\/#website","url":"https:\/\/virver-viagens.com\/","name":"Virver","description":"","potentialAction":[{"@type":"SearchAction","target":{"@type":"EntryPoint","urlTemplate":"https:\/\/virver-viagens.com\/?s={search_term_string}"},"query-input":"required name=search_term_string"}],"inLanguage":"es"},{"@type":"WebPage","@id":"https:\/\/virver-viagens.com\/es\/circuitos-turisticos\/#webpage","url":"https:\/\/virver-viagens.com\/es\/circuitos-turisticos\/","name":"Circuitos Tur\u00edsticos - Virver - Viajes y Descubrimientos - S\u00e3o Jorge, Azores","isPartOf":{"@id":"https:\/\/virver-viagens.com\/#website"},"datePublished":"2017-05-31T05:00:25+00:00","dateModified":"2022-03-08T13:25:03+00:00","description":"Descubre los mejores circuitos tur\u00edsticos de S\u00e3o Jorge con Virver. Queremos mostrarte cada rinc\u00f3n de esta hermosa isla.","breadcrumb":{"@id":"https:\/\/virver-viagens.com\/es\/circuitos-turisticos\/#breadcrumb"},"inLanguage":"es","potentialAction":[{"@type":"ReadAction","target":["https:\/\/virver-viagens.com\/es\/circuitos-turisticos\/"]}]},{"@type":"BreadcrumbList","@id":"https:\/\/virver-viagens.com\/es\/circuitos-turisticos\/#breadcrumb","itemListElement":[{"@type":"ListItem","position":1,"name":"Circuitos Tur\u00edsticos"}]}]}},"_links":{"self":[{"href":"https:\/\/virver-viagens.com\/es\/wp-json\/wp\/v2\/pages\/955"}],"collection":[{"href":"https:\/\/virver-viagens.com\/es\/wp-json\/wp\/v2\/pages"}],"about":[{"href":"https:\/\/virver-viagens.com\/es\/wp-json\/wp\/v2\/types\/page"}],"author":[{"embeddable":true,"href":"https:\/\/virver-viagens.com\/es\/wp-json\/wp\/v2\/users\/1"}],"replies":[{"embeddable":true,"href":"https:\/\/virver-viagens.com\/es\/wp-json\/wp\/v2\/comments?post=955"}],"version-history":[{"count":2,"href":"https:\/\/virver-viagens.com\/es\/wp-json\/wp\/v2\/pages\/955\/revisions"}],"predecessor-version":[{"id":1391,"href":"https:\/\/virver-viagens.com\/es\/wp-json\/wp\/v2\/pages\/955\/revisions\/1391"}],"wp:attachment":[{"href":"https:\/\/virver-viagens.com\/es\/wp-json\/wp\/v2\/media?parent=955"}],"curies":[{"name":"wp","href":"https:\/\/api.w.org\/{rel}","templated":true}]}}